{"id":1457,"date":"2016-02-12T08:13:06","date_gmt":"2016-02-12T08:13:06","guid":{"rendered":"http:\/\/demos.famethemes.com\/onepress-plus\/?page_id=24"},"modified":"2020-12-16T10:18:16","modified_gmt":"2020-12-16T14:18:16","slug":"service-title-2-2","status":"publish","type":"page","link":"https:\/\/tierra-ayni.com\/?page_id=1457","title":{"rendered":"Ingreso, Migraci\u00f3n y Calidad de Datos"},"content":{"rendered":"\n<figure class=\"wp-block-image alignwide size-large\"><img loading=\"lazy\" decoding=\"async\" width=\"1024\" height=\"410\" src=\"https:\/\/tierra-ayni.com\/wp-content\/uploads\/2020\/12\/page_header_data_services-1024x410.png\" alt=\"\" class=\"wp-image-2298\" srcset=\"https:\/\/tierra-ayni.com\/wp-content\/uploads\/2020\/12\/page_header_data_services-1024x410.png 1024w, https:\/\/tierra-ayni.com\/wp-content\/uploads\/2020\/12\/page_header_data_services-300x120.png 300w, https:\/\/tierra-ayni.com\/wp-content\/uploads\/2020\/12\/page_header_data_services-768x307.png 768w, https:\/\/tierra-ayni.com\/wp-content\/uploads\/2020\/12\/page_header_data_services-1536x614.png 1536w, https:\/\/tierra-ayni.com\/wp-content\/uploads\/2020\/12\/page_header_data_services.png 1600w\" sizes=\"auto, (max-width: 1024px) 100vw, 1024px\" \/><\/figure>\n\n\n\n<div style=\"height:38px\" aria-hidden=\"true\" class=\"wp-block-spacer\"><\/div>\n\n\n\n<p>Nuestra empresa entrega el servicio de ingreso de datos de proyectos de red, planos As-Built a las plataformas GE Smallworld, ya sea para redes de gas, electricidad o telecomunicaciones. Nuestros operadores GIS re\u00fanen experiencia, conocimientos de los productos y de las redes del cliente y aplican los procedimientos y herramientas de calidad de datos que se establecen para cada proyecto.<\/p>\n\n\n\n<figure class=\"wp-block-image alignwide size-large\"><img loading=\"lazy\" decoding=\"async\" width=\"1024\" height=\"410\" src=\"http:\/\/www.tierra-ayni.com\/wp-content\/uploads\/2020\/12\/water_network-1024x410.png\" alt=\"\" class=\"wp-image-2148\" srcset=\"https:\/\/tierra-ayni.com\/wp-content\/uploads\/2020\/12\/water_network-1024x410.png 1024w, https:\/\/tierra-ayni.com\/wp-content\/uploads\/2020\/12\/water_network-300x120.png 300w, https:\/\/tierra-ayni.com\/wp-content\/uploads\/2020\/12\/water_network-768x307.png 768w, https:\/\/tierra-ayni.com\/wp-content\/uploads\/2020\/12\/water_network-1536x614.png 1536w, https:\/\/tierra-ayni.com\/wp-content\/uploads\/2020\/12\/water_network.png 1600w\" sizes=\"auto, (max-width: 1024px) 100vw, 1024px\" \/><\/figure>\n\n\n\n<div style=\"height:43px\" aria-hidden=\"true\" class=\"wp-block-spacer\"><\/div>\n\n\n\n<div class=\"wp-block-columns is-layout-flex wp-container-core-columns-is-layout-1 wp-block-columns-is-layout-flex\">\n<div class=\"wp-block-column is-layout-flow wp-block-column-is-layout-flow\">\n<p>En el marco de los proyectos de implementaci\u00f3n de plataformas GIS entregamos el servicio de migraci\u00f3n de datos desde sistemas legados. <\/p>\n\n\n\n<p>En m\u00faltiples proyectos hemos utilizado la herramienta FME para establecer los procesos de migraci\u00f3n. Algunos formatos que hemos procesado para cargar los datos a Smallworld son: DWG, DXF, Shape, Geodatabase, Infocad y Oracle.<\/p>\n\n\n\n<p>Nuestra empresa cuenta con profesionales certificados por SAFE Software como expertos FME.<\/p>\n<\/div>\n\n\n\n<div class=\"wp-block-column is-layout-flow wp-block-column-is-layout-flow\">\n<div class=\"wp-block-image\"><figure class=\"alignright size-large\"><img loading=\"lazy\" decoding=\"async\" width=\"1024\" height=\"704\" src=\"https:\/\/tierra-ayni.com\/wp-content\/uploads\/2020\/12\/FME_basic-1024x704.png\" alt=\"\" class=\"wp-image-2301\" srcset=\"https:\/\/tierra-ayni.com\/wp-content\/uploads\/2020\/12\/FME_basic-1024x704.png 1024w, https:\/\/tierra-ayni.com\/wp-content\/uploads\/2020\/12\/FME_basic-300x206.png 300w, https:\/\/tierra-ayni.com\/wp-content\/uploads\/2020\/12\/FME_basic-768x528.png 768w, https:\/\/tierra-ayni.com\/wp-content\/uploads\/2020\/12\/FME_basic.png 1291w\" sizes=\"auto, (max-width: 1024px) 100vw, 1024px\" \/><\/figure><\/div>\n<\/div>\n<\/div>\n\n\n\n<h2 class=\"wp-block-heading\">Servicios de Calidad de Datos<\/h2>\n\n\n\n<div class=\"wp-block-columns is-layout-flex wp-container-core-columns-is-layout-2 wp-block-columns-is-layout-flex\">\n<div class=\"wp-block-column is-layout-flow wp-block-column-is-layout-flow\">\n<div class=\"wp-block-image\"><figure class=\"aligncenter size-large\"><img loading=\"lazy\" decoding=\"async\" width=\"150\" height=\"150\" src=\"https:\/\/tierra-ayni.com\/wp-content\/uploads\/2020\/12\/icon_checklist.png\" alt=\"\" class=\"wp-image-2303\"\/><\/figure><\/div>\n\n\n\n<h4 class=\"wp-block-heading\">Revisi\u00f3n de Requerimientos<\/h4>\n\n\n\n<p>Este servicio comprende talleres de evaluaci\u00f3n de la situaci\u00f3n actual de los datos georreferenciados y de los procesos de ingreso, mantenci\u00f3n y aseguramiento de calidad, adem\u00e1s de la definici\u00f3n conjunta de m\u00e9tricas e indicadores para la gesti\u00f3n de calidad de los datos.<\/p>\n<\/div>\n\n\n\n<div class=\"wp-block-column is-layout-flow wp-block-column-is-layout-flow\">\n<div class=\"wp-block-image\"><figure class=\"aligncenter size-large\"><img loading=\"lazy\" decoding=\"async\" width=\"150\" height=\"150\" src=\"https:\/\/tierra-ayni.com\/wp-content\/uploads\/2020\/12\/icon_analysis.png\" alt=\"\" class=\"wp-image-2304\"\/><\/figure><\/div>\n\n\n\n<h4 class=\"wp-block-heading\">Revisi\u00f3n de Datos<\/h4>\n\n\n\n<p>Con las herramientas de FME se revisa y analiza los conjuntos de datos geogr\u00e1ficos en cuanto a sus caracter\u00edsticas  geom\u00e9tricas, topolog\u00eda y relaciones entre objetos, exactitud, completitud y otros criterios que permitan determinar el estado actual de calidad de los datos. <\/p>\n<\/div>\n\n\n\n<div class=\"wp-block-column is-layout-flow wp-block-column-is-layout-flow\">\n<div class=\"wp-block-image\"><figure class=\"aligncenter size-large\"><img loading=\"lazy\" decoding=\"async\" width=\"150\" height=\"150\" src=\"http:\/\/www.tierra-ayni.com\/wp-content\/uploads\/2020\/12\/icon_enhancement.png\" alt=\"\" class=\"wp-image-2249\"\/><\/figure><\/div>\n\n\n\n<h4 class=\"wp-block-heading\">Correcci\u00f3n de Datos<\/h4>\n\n\n\n<p>Los resultados del servicio de revisi\u00f3n de datos entregan los antecedentes necesarios para implementar en FME reglas de transformaci\u00f3n, correcci\u00f3n y generaci\u00f3n de datos para mejorar la calidad de \u00e9stos. Adem\u00e1s se sugieren e implementan procesos de calidad continua que mantienen el nivel de calidad de la informaci\u00f3n.<\/p>\n<\/div>\n<\/div>\n\n\n\n<div class=\"wp-block-image\"><figure class=\"aligncenter size-large\"><img loading=\"lazy\" decoding=\"async\" width=\"421\" height=\"451\" src=\"https:\/\/tierra-ayni.com\/wp-content\/uploads\/2020\/12\/fme_generic-1.png\" alt=\"\" class=\"wp-image-2311\" srcset=\"https:\/\/tierra-ayni.com\/wp-content\/uploads\/2020\/12\/fme_generic-1.png 421w, https:\/\/tierra-ayni.com\/wp-content\/uploads\/2020\/12\/fme_generic-1-280x300.png 280w\" sizes=\"auto, (max-width: 421px) 100vw, 421px\" \/><\/figure><\/div>\n\n\n\n<p>Nuestros servicios de calidad de datos no solamente se aplican a base de datos de activos de red georreferenciadas en formato GE Smallworld, sino tambi\u00e9n los ofrecemos para datos GIS en formatos ESRI Geodatabase, ESRI Shape, MapInfo, Autodesk, Oracle Spatial, PostGIS y otros.<\/p>\n","protected":false},"excerpt":{"rendered":"<p>Contamos con vasta experiencia en el ingreso de datos de redes, la migraci\u00f3n de datos desde sistemas legados a la nueva plataforma y la implementaci\u00f3n de procesos de calidad de datos.<\/p>\n","protected":false},"author":3,"featured_media":0,"parent":0,"menu_order":0,"comment_status":"closed","ping_status":"closed","template":"template-fullwidth.php","meta":{"footnotes":""},"class_list":["post-1457","page","type-page","status-publish","hentry"],"_links":{"self":[{"href":"https:\/\/tierra-ayni.com\/index.php?rest_route=\/wp\/v2\/pages\/1457","targetHints":{"allow":["GET"]}}],"collection":[{"href":"https:\/\/tierra-ayni.com\/index.php?rest_route=\/wp\/v2\/pages"}],"about":[{"href":"https:\/\/tierra-ayni.com\/index.php?rest_route=\/wp\/v2\/types\/page"}],"author":[{"embeddable":true,"href":"https:\/\/tierra-ayni.com\/index.php?rest_route=\/wp\/v2\/users\/3"}],"replies":[{"embeddable":true,"href":"https:\/\/tierra-ayni.com\/index.php?rest_route=%2Fwp%2Fv2%2Fcomments&post=1457"}],"version-history":[{"count":15,"href":"https:\/\/tierra-ayni.com\/index.php?rest_route=\/wp\/v2\/pages\/1457\/revisions"}],"predecessor-version":[{"id":2314,"href":"https:\/\/tierra-ayni.com\/index.php?rest_route=\/wp\/v2\/pages\/1457\/revisions\/2314"}],"wp:attachment":[{"href":"https:\/\/tierra-ayni.com\/index.php?rest_route=%2Fwp%2Fv2%2Fmedia&parent=1457"}],"curies":[{"name":"wp","href":"https:\/\/api.w.org\/{rel}","templated":true}]}}