{"id":1458,"date":"2016-02-12T08:13:22","date_gmt":"2016-02-12T08:13:22","guid":{"rendered":"http:\/\/demos.famethemes.com\/onepress-plus\/?page_id=25"},"modified":"2020-12-04T13:55:35","modified_gmt":"2020-12-04T17:55:35","slug":"service-title-3-2","status":"publish","type":"page","link":"https:\/\/tierra-ayni.com\/?page_id=1458","title":{"rendered":"Entrenamiento GE Smallworld"},"content":{"rendered":"\n<figure class=\"wp-block-image alignwide size-large\"><img loading=\"lazy\" decoding=\"async\" width=\"1024\" height=\"410\" src=\"https:\/\/tierra-ayni.com\/wp-content\/uploads\/2020\/12\/page_header_training-1024x410.png\" alt=\"\" class=\"wp-image-2255\" srcset=\"https:\/\/tierra-ayni.com\/wp-content\/uploads\/2020\/12\/page_header_training-1024x410.png 1024w, https:\/\/tierra-ayni.com\/wp-content\/uploads\/2020\/12\/page_header_training-300x120.png 300w, https:\/\/tierra-ayni.com\/wp-content\/uploads\/2020\/12\/page_header_training-768x307.png 768w, https:\/\/tierra-ayni.com\/wp-content\/uploads\/2020\/12\/page_header_training-1536x614.png 1536w, https:\/\/tierra-ayni.com\/wp-content\/uploads\/2020\/12\/page_header_training.png 1600w\" sizes=\"auto, (max-width: 1024px) 100vw, 1024px\" \/><\/figure>\n\n\n\n<div style=\"height:34px\" aria-hidden=\"true\" class=\"wp-block-spacer\"><\/div>\n\n\n\n<p>Fiel a nuestro lema &#8220;Distribuci\u00f3n de Conocimiento&#8221; realizamos  entrenamientos de usuarios y administradores en el marco de todos los proyectos de implementaci\u00f3n y tambi\u00e9n como parte de los servicios permanentes que ofrece nuestra empresa. Los cursos se dictan en idioma espa\u00f1ol y especialmente los cursos de usuarios se personalizan adaptando sus contenidos a las necesidades y los datos y aplicaciones de nuestros clientes.<\/p>\n\n\n\n<div style=\"height:37px\" aria-hidden=\"true\" class=\"wp-block-spacer\"><\/div>\n\n\n\n<div class=\"wp-block-columns is-layout-flex wp-container-core-columns-is-layout-1 wp-block-columns-is-layout-flex\">\n<div class=\"wp-block-column is-layout-flow wp-block-column-is-layout-flow\">\n<h3 class=\"has-text-align-center wp-block-heading\">Cursos Est\u00e1ndar<\/h3>\n\n\n\n<ul class=\"wp-block-list\"><li>Fundamentos<\/li><li>Lenguaje Magik<\/li><li>Administraci\u00f3n de Sistema<\/li><li>Administraci\u00f3n de Base de Datos<\/li><li>Desarrollo de Aplicaciones<\/li><\/ul>\n<\/div>\n\n\n\n<div class=\"wp-block-column is-layout-flow wp-block-column-is-layout-flow\">\n<h3 class=\"has-text-align-center wp-block-heading\">Cursos Personalizados<\/h3>\n\n\n\n<ul class=\"wp-block-list\"><li>Usuarios PNI<\/li><\/ul>\n\n\n\n<ul class=\"wp-block-list\"><li>Administraci\u00f3n PNI<\/li><\/ul>\n\n\n\n<ul class=\"wp-block-list\"><li>Usuarios GDO\/GTO<\/li><\/ul>\n\n\n\n<ul class=\"wp-block-list\"><li>Usuarios EO<\/li><\/ul>\n\n\n\n<ul class=\"wp-block-list\"><li>Usuarios WO<\/li><\/ul>\n\n\n\n<ul class=\"wp-block-list\"><li>Administraci\u00f3n Office Base<\/li><\/ul>\n<\/div>\n<\/div>\n\n\n\n<figure class=\"wp-block-pullquote is-style-default\"><blockquote><p>Perm\u00edtanos ayudarle con sus requerimientos de capacitaci\u00f3n&#8230;<\/p><\/blockquote><\/figure>\n\n\n\n<div class=\"wp-block-buttons aligncenter is-layout-flex wp-block-buttons-is-layout-flex\">\n<div class=\"wp-block-button is-style-fill\"><a class=\"wp-block-button__link has-white-color has-vivid-cyan-blue-background-color has-text-color has-background\" href=\"https:\/\/tierra-ayni.com\/#contact\" style=\"border-radius:30px\" rel=\"\">Cont\u00e1ctenos para conversar y coordinar una propuesta de entrenamiento&#8230;<\/a><\/div>\n<\/div>\n\n\n\n<p><\/p>\n","protected":false},"excerpt":{"rendered":"<p>Tierra-Ayni ofrece cursos de entrenamiento GE Smallworld en idioma espa\u00f1ol y personalizados seg\u00fan los requerimientos de nuestros clientes.<\/p>\n","protected":false},"author":3,"featured_media":0,"parent":0,"menu_order":0,"comment_status":"closed","ping_status":"closed","template":"template-fullwidth.php","meta":{"footnotes":""},"class_list":["post-1458","page","type-page","status-publish","hentry"],"_links":{"self":[{"href":"https:\/\/tierra-ayni.com\/index.php?rest_route=\/wp\/v2\/pages\/1458","targetHints":{"allow":["GET"]}}],"collection":[{"href":"https:\/\/tierra-ayni.com\/index.php?rest_route=\/wp\/v2\/pages"}],"about":[{"href":"https:\/\/tierra-ayni.com\/index.php?rest_route=\/wp\/v2\/types\/page"}],"author":[{"embeddable":true,"href":"https:\/\/tierra-ayni.com\/index.php?rest_route=\/wp\/v2\/users\/3"}],"replies":[{"embeddable":true,"href":"https:\/\/tierra-ayni.com\/index.php?rest_route=%2Fwp%2Fv2%2Fcomments&post=1458"}],"version-history":[{"count":12,"href":"https:\/\/tierra-ayni.com\/index.php?rest_route=\/wp\/v2\/pages\/1458\/revisions"}],"predecessor-version":[{"id":2265,"href":"https:\/\/tierra-ayni.com\/index.php?rest_route=\/wp\/v2\/pages\/1458\/revisions\/2265"}],"wp:attachment":[{"href":"https:\/\/tierra-ayni.com\/index.php?rest_route=%2Fwp%2Fv2%2Fmedia&parent=1458"}],"curies":[{"name":"wp","href":"https:\/\/api.w.org\/{rel}","templated":true}]}}