{"id":1561,"date":"2020-03-14T12:23:40","date_gmt":"2020-03-14T12:23:40","guid":{"rendered":"http:\/\/wp.tierra-ayni.com\/?page_id=1561"},"modified":"2020-12-01T11:44:10","modified_gmt":"2020-12-01T15:44:10","slug":"aviso-legal","status":"publish","type":"page","link":"https:\/\/tierra-ayni.com\/?page_id=1561","title":{"rendered":"Aviso Legal"},"content":{"rendered":"\n<h3 class=\"wp-block-heading\">Condiciones de uso del sitio Web de Tierra-Ayni Ltda.<\/h3>\n\n\n\n<p>Atenci\u00f3n: Por favor, lea detenidamente estas condiciones antes de utilizar este sitio Web. El solo hecho de usar este sitio constituye de por s\u00ed\u00ad la aceptaci\u00f3n de los mencionados t\u00e9rminos y condiciones. Este sitio contiene informaci\u00f3n proporcionada ya sea por Tierra-Ayni u otras compa\u00f1\u00edas. No utilice este sitio web en caso de no aceptar \u00edntegramente tales condiciones.<\/p>\n\n\n\n<h3 class=\"wp-block-heading\">I. Uso de tierra-ayni.com<\/h3>\n\n\n\n<p>El contenido del presente sitio Web es de car\u00e1cter general y tiene una finalidad y efectos exclusivamente informativos. El acceso y uso de los contenidos y servicios de este sitio Web le confiere la condici\u00f3n de usuario, comprometi\u00e9ndose a utilizar dichos contenidos y servicios con respeto a la Ley y a la buena fe. <\/p>\n\n\n\n<p>Los contenidos y\/o materiales de este sitio Web son propiedad de Tierra-Ayni o, en su efecto, de terceras personas o entidades de las que Tierra-Ayni ha obtenido la debida autorizaci\u00f3n para su utilizaci\u00f3n. Tierra-Ayni le autoriza a ver y a obtener los materiales contenidos en este sitio Web exclusivamente para su uso personal, no comercial, y a condici\u00f3n de que se mantengan en todo caso todas las leyendas de derechos de autor o relativas a la propiedad intelectual que se contienen en los materiales que integran el mismo.<\/p>\n\n\n\n<p>Se prohi\u00adbe la reproducci\u00f3n, distribuci\u00f3n o modificaci\u00f3n de cualquier contenido incluido en este sitio web (incluyendo sin car\u00e1cter limitativo los textos, informaciones, documentos, dibujos, dise\u00f1os, gr\u00e1ficos, im\u00e1genes, o archivos de sonido o de cualquier otra clase) sin la autorizaci\u00f3n expresa de Tierra-Ayni. <\/p>\n\n\n\n<h3 class=\"wp-block-heading\">II. Exclusi\u00f3n de Responsabilidad<\/h3>\n\n\n\n<p>El uso de esta p\u00e1gina se realiza bajo la exclusiva responsabilidad del usuario. Tierra-Ayni no se hace responsable de cualquier da\u00f1o o perjuicio ocasionado al usuario como consecuencia de la falta de acceso al sitio Web o de su falta de actualizaci\u00f3n, ni como consecuencia de su eventual falta de adecuaci\u00f3n para satisfacer necesidades concretas del usuario.<\/p>\n\n\n\n<p>Tierra-Ayni no se hace responsable de los da\u00f1os o perjuicios de cualquier naturaleza que puedan causarse al usuario de este sitio web como consecuencia de la eventual existencia en el mismo de virus o programas lesivos, ni del uso que se haga de este sitio contraviniendo las leyes o la buena fe. <\/p>\n\n\n\n<h3 class=\"wp-block-heading\">III. Enlaces<\/h3>\n\n\n\n<p>Este sitio Web puede contener enlaces con sitios Web operados por terceros, ajenos a Tierra-Ayni.  Estos enlaces le son facilitados exclusivamente para su comodidad. Tierra-Ayni no controla estos sitios Web y no es responsable de sus contenidos. La inclusi\u00f3n de dichos enlaces no implica la aprobaci\u00f3n del contenido de los mismos por parte de Tierra-Ayni.<\/p>\n\n\n\n<h3 class=\"wp-block-heading\">IV. Miscel\u00e1neos<\/h3>\n\n\n\n<p>Estas condiciones de uso se regir\u00e1n por la legislaci\u00f3n chilena. El usuario se somete a la jurisdicci\u00f3n de los tribunales chilenos, para la resoluci\u00f3n de todos los conflictos derivados o relacionados con el uso de este sitio Web.<\/p>\n\n\n\n<h3 class=\"wp-block-heading\">V. Derechos de Autor y Marcas<\/h3>\n\n\n\n<p>Tierra-Ayni y su logotipo, son marcas de Tierra-Ayni Ltda. Todos sus derechos son reservados. Todas las dem\u00e1s marcas registradas que aparezcan en este sitio Web, son propiedad de sus respectivos propietarios. Este sitio contiene material sujeto al derecho de autor, marcas registradas y otra informaci\u00f3n patentada. El contenido de este sitio puede estar registrado con derechos de autor como un trabajo colectivo bajo las leyes de derecho de autor. El usuario no puede modificar, publicar, transmitir, participar en la transferencia o venta, crear trabajos derivados o participar en ning\u00fan otro tipo de forma de explotaci\u00f3n de ninguno de los contenidos, ni en su totalidad ni de forma parcial. El usuario puede utilizar material sujeto al derecho de autor para su uso personal. A menos que la ley de derecho de autor lo permita expresamente, no est\u00e1 permitido ning\u00fan tipo de copia, redistribuci\u00f3n, retransmisi\u00f3n, publicaci\u00f3n o explotaci\u00f3n comercial del material tomado de la red, sin el consentimiento expreso de Tierra-Ayni y del due\u00f1o del derecho de autor. En el caso de que sea permitida la copia, redistribuci\u00f3n o publicaci\u00f3n del material registrado con derechos de autor no deber\u00e1 omitirse la atribuci\u00f3n al autor, la menci\u00f3n a la marca registrada, y la nota del derecho de autor o &#8220;copyright&#8221;. El usuario es consciente de que no adquiere ning\u00fan derecho de posesi\u00f3n por el simple hecho de tomar de la red material registrado con derechos de autor.<\/p>\n","protected":false},"excerpt":{"rendered":"<p>Condiciones de uso del sitio Web de Tierra-Ayni Ltda. Atenci\u00f3n: Por favor, lea detenidamente estas condiciones antes de utilizar este sitio Web. El solo hecho de usar este sitio constituye &#8230;<\/p>\n","protected":false},"author":3,"featured_media":0,"parent":0,"menu_order":0,"comment_status":"closed","ping_status":"closed","template":"template-fullwidth.php","meta":{"footnotes":""},"class_list":["post-1561","page","type-page","status-publish","hentry"],"_links":{"self":[{"href":"https:\/\/tierra-ayni.com\/index.php?rest_route=\/wp\/v2\/pages\/1561","targetHints":{"allow":["GET"]}}],"collection":[{"href":"https:\/\/tierra-ayni.com\/index.php?rest_route=\/wp\/v2\/pages"}],"about":[{"href":"https:\/\/tierra-ayni.com\/index.php?rest_route=\/wp\/v2\/types\/page"}],"author":[{"embeddable":true,"href":"https:\/\/tierra-ayni.com\/index.php?rest_route=\/wp\/v2\/users\/3"}],"replies":[{"embeddable":true,"href":"https:\/\/tierra-ayni.com\/index.php?rest_route=%2Fwp%2Fv2%2Fcomments&post=1561"}],"version-history":[{"count":2,"href":"https:\/\/tierra-ayni.com\/index.php?rest_route=\/wp\/v2\/pages\/1561\/revisions"}],"predecessor-version":[{"id":2442,"href":"https:\/\/tierra-ayni.com\/index.php?rest_route=\/wp\/v2\/pages\/1561\/revisions\/2442"}],"wp:attachment":[{"href":"https:\/\/tierra-ayni.com\/index.php?rest_route=%2Fwp%2Fv2%2Fmedia&parent=1561"}],"curies":[{"name":"wp","href":"https:\/\/api.w.org\/{rel}","templated":true}]}}