{"id":1939,"date":"2020-11-30T17:48:46","date_gmt":"2020-11-30T21:48:46","guid":{"rendered":"http:\/\/wp.tierra-ayni.com\/?page_id=1939"},"modified":"2020-12-18T11:09:57","modified_gmt":"2020-12-18T15:09:57","slug":"aplicaciones-web-y-moviles","status":"publish","type":"page","link":"https:\/\/tierra-ayni.com\/?page_id=1939","title":{"rendered":"Aplicaciones M\u00f3viles &#8211; Mobile Enterprise"},"content":{"rendered":"\n<figure class=\"wp-block-image alignwide size-large\"><img loading=\"lazy\" decoding=\"async\" width=\"1024\" height=\"410\" src=\"https:\/\/tierra-ayni.com\/wp-content\/uploads\/2020\/12\/page_header_mes-1024x410.png\" alt=\"\" class=\"wp-image-2206\" srcset=\"https:\/\/tierra-ayni.com\/wp-content\/uploads\/2020\/12\/page_header_mes-1024x410.png 1024w, https:\/\/tierra-ayni.com\/wp-content\/uploads\/2020\/12\/page_header_mes-300x120.png 300w, https:\/\/tierra-ayni.com\/wp-content\/uploads\/2020\/12\/page_header_mes-768x307.png 768w, https:\/\/tierra-ayni.com\/wp-content\/uploads\/2020\/12\/page_header_mes-1536x614.png 1536w, https:\/\/tierra-ayni.com\/wp-content\/uploads\/2020\/12\/page_header_mes.png 1600w\" sizes=\"auto, (max-width: 1024px) 100vw, 1024px\" \/><\/figure>\n\n\n\n<div style=\"height:33px\" aria-hidden=\"true\" class=\"wp-block-spacer\"><\/div>\n\n\n\n<h3 class=\"wp-block-heading\">\u00bfQue es Mobile Enterprise Suite?<\/h3>\n\n\n\n<p>MES constituye una plataforma m\u00f3vil exclusivamente focalizada en empresas de Distribuci\u00f3n de Servicios P\u00fablicos y Telecomunicaciones que maximiza el valor de los datos y la informaci\u00f3n de los activos georreferenciados de la red permitiendo visualizar, consultar, modificar y compartir datos de red y \u00f3rdenes de trabajo en tiempo real e independiente del dispositivo m\u00f3vil que se use.<\/p>\n\n\n\n<div class=\"wp-block-columns is-layout-flex wp-container-core-columns-is-layout-1 wp-block-columns-is-layout-flex\">\n<div class=\"wp-block-column is-layout-flow wp-block-column-is-layout-flow\">\n<div class=\"wp-block-image\"><figure class=\"aligncenter size-large\"><img loading=\"lazy\" decoding=\"async\" width=\"150\" height=\"150\" src=\"https:\/\/tierra-ayni.com\/wp-content\/uploads\/2020\/12\/icon_map_location.png\" alt=\"\" class=\"wp-image-2209\"\/><\/figure><\/div>\n\n\n\n<h4 class=\"wp-block-heading\">Visibilidad de los Datos de la Red<\/h4>\n\n\n\n<p>Acceso directo y en tiempo real a los mapas con las instalaciones de las redes para apoyar todas las tareas de gesti\u00f3n de activos y manejo del inventario, dise\u00f1o de red en terreno, operaci\u00f3n y gesti\u00f3n de interrupciones de servicio.<\/p>\n<\/div>\n\n\n\n<div class=\"wp-block-column is-layout-flow wp-block-column-is-layout-flow\">\n<div class=\"wp-block-image\"><figure class=\"aligncenter size-large\"><img loading=\"lazy\" decoding=\"async\" width=\"150\" height=\"150\" src=\"http:\/\/www.tierra-ayni.com\/wp-content\/uploads\/2020\/12\/icon_field_crew.png\" alt=\"\" class=\"wp-image-2173\"\/><\/figure><\/div>\n\n\n\n<h4 class=\"wp-block-heading\">Aumento de la Productividad de Cuadrillas en un 20%<\/h4>\n\n\n\n<p>A trav\u00e9s del acceso oportuno a la informaci\u00f3n de las instalaciones se obtiene mayor eficiencia en el diagn\u00f3stico y la reparaci\u00f3n de fallas en la red.<\/p>\n<\/div>\n\n\n\n<div class=\"wp-block-column is-layout-flow wp-block-column-is-layout-flow\">\n<div class=\"wp-block-image\"><figure class=\"aligncenter size-large\"><img loading=\"lazy\" decoding=\"async\" width=\"150\" height=\"150\" src=\"http:\/\/www.tierra-ayni.com\/wp-content\/uploads\/2020\/12\/icon_reduction.png\" alt=\"\" class=\"wp-image-2171\"\/><\/figure><\/div>\n\n\n\n<h4 class=\"wp-block-heading\">Reducci\u00f3n de Errores de Operaci\u00f3n en hasta un 75%<\/h4>\n\n\n\n<p>A trav\u00e9s del uso intensivo de las aplicaciones m\u00f3viles se pueden reducir las fallas e interrupciones de servicios asociados a interferencias de terceros.<\/p>\n<\/div>\n<\/div>\n\n\n\n<h3 class=\"wp-block-heading\">Mobile Asset Management<\/h3>\n\n\n\n<div class=\"wp-block-columns is-layout-flex wp-container-core-columns-is-layout-2 wp-block-columns-is-layout-flex\">\n<div class=\"wp-block-column is-layout-flow wp-block-column-is-layout-flow\">\n<p>Extiende las funcionalidades GIS de visualizaci\u00f3n y edici\u00f3n de los datos georreferenciados hacia el trabajo en campo. Se provee aplicaciones especificas para las empresas de distribuci\u00f3n de energ\u00eda el\u00e9ctrica, gas natural, agua potable y servicios de telecomunicaciones. <\/p>\n<\/div>\n\n\n\n<div class=\"wp-block-column is-layout-flow wp-block-column-is-layout-flow\">\n<div class=\"wp-block-image\"><figure class=\"alignright size-large\"><img loading=\"lazy\" decoding=\"async\" width=\"600\" height=\"407\" src=\"https:\/\/tierra-ayni.com\/wp-content\/uploads\/2020\/11\/mobile-asset-management.png\" alt=\"\" class=\"wp-image-1955\" srcset=\"https:\/\/tierra-ayni.com\/wp-content\/uploads\/2020\/11\/mobile-asset-management.png 600w, https:\/\/tierra-ayni.com\/wp-content\/uploads\/2020\/11\/mobile-asset-management-300x204.png 300w\" sizes=\"auto, (max-width: 600px) 100vw, 600px\" \/><\/figure><\/div>\n<\/div>\n<\/div>\n\n\n\n<div class=\"wp-block-columns is-layout-flex wp-container-core-columns-is-layout-3 wp-block-columns-is-layout-flex\">\n<div class=\"wp-block-column is-layout-flow wp-block-column-is-layout-flow\">\n<p><strong>MES Map Viewing<\/strong> es la aplicaci\u00f3n de visualizaci\u00f3n y consulta de los elementos de red. Est\u00e1 integrado con los GPS y la navegaci\u00f3n de los dispositivos m\u00f3viles.<\/p>\n<\/div>\n\n\n\n<div class=\"wp-block-column is-layout-flow wp-block-column-is-layout-flow\">\n<div class=\"wp-block-image\"><figure class=\"alignright size-large\"><img loading=\"lazy\" decoding=\"async\" width=\"304\" height=\"230\" src=\"https:\/\/tierra-ayni.com\/wp-content\/uploads\/2020\/11\/mobile_map_viewer.png\" alt=\"\" class=\"wp-image-1959\" srcset=\"https:\/\/tierra-ayni.com\/wp-content\/uploads\/2020\/11\/mobile_map_viewer.png 304w, https:\/\/tierra-ayni.com\/wp-content\/uploads\/2020\/11\/mobile_map_viewer-300x227.png 300w\" sizes=\"auto, (max-width: 304px) 100vw, 304px\" \/><\/figure><\/div>\n<\/div>\n<\/div>\n\n\n\n<div class=\"wp-block-columns is-layout-flex wp-container-core-columns-is-layout-4 wp-block-columns-is-layout-flex\">\n<div class=\"wp-block-column is-layout-flow wp-block-column-is-layout-flow\">\n<p><strong>MES Inspection<\/strong> le agrega el flujo de inspecci\u00f3n de los elementos de red. El usuario puede registrar el avance de las inspecciones y los resultados de ellos. Desde la aplicaci\u00f3n de edici\u00f3n de escritorio de la plataforma se puede seleccionar los elementos a inspeccionar y enviarlos como orden de trabajo a esta aplicaci\u00f3n.<\/p>\n<\/div>\n\n\n\n<div class=\"wp-block-column is-layout-flow wp-block-column-is-layout-flow\">\n<div class=\"wp-block-image\"><figure class=\"alignright size-large\"><img loading=\"lazy\" decoding=\"async\" width=\"303\" height=\"229\" src=\"https:\/\/tierra-ayni.com\/wp-content\/uploads\/2020\/11\/mobile_inspection.png\" alt=\"\" class=\"wp-image-1961\" srcset=\"https:\/\/tierra-ayni.com\/wp-content\/uploads\/2020\/11\/mobile_inspection.png 303w, https:\/\/tierra-ayni.com\/wp-content\/uploads\/2020\/11\/mobile_inspection-300x227.png 300w\" sizes=\"auto, (max-width: 303px) 100vw, 303px\" \/><\/figure><\/div>\n<\/div>\n<\/div>\n\n\n\n<div class=\"wp-block-columns is-layout-flex wp-container-core-columns-is-layout-5 wp-block-columns-is-layout-flex\">\n<div class=\"wp-block-column is-layout-flow wp-block-column-is-layout-flow\">\n<p><strong>MES Collection<\/strong> y <strong>MES Update<\/strong> son las aplicaciones m\u00f3viles que permiten recolectar datos nuevos y actualizar datos ya existentes en la base de datos del GIS. Las modificaciones realizadas y los datos recolectados son enviados en formato JSON al servidor donde son utilizados para sincronizar con la base de datos corporativa de GE Smallworld.<\/p>\n<\/div>\n\n\n\n<div class=\"wp-block-column is-layout-flow wp-block-column-is-layout-flow\">\n<div class=\"wp-block-image\"><figure class=\"alignright size-large\"><img loading=\"lazy\" decoding=\"async\" width=\"299\" height=\"226\" src=\"https:\/\/tierra-ayni.com\/wp-content\/uploads\/2020\/11\/mobile_update.png\" alt=\"\" class=\"wp-image-1963\"\/><\/figure><\/div>\n<\/div>\n<\/div>\n\n\n\n<div style=\"height:38px\" aria-hidden=\"true\" class=\"wp-block-spacer\"><\/div>\n\n\n\n<div class=\"wp-block-columns is-layout-flex wp-container-core-columns-is-layout-6 wp-block-columns-is-layout-flex\">\n<div class=\"wp-block-column is-layout-flow wp-block-column-is-layout-flow\">\n<div class=\"wp-block-image\"><figure class=\"alignleft size-large\"><img loading=\"lazy\" decoding=\"async\" width=\"600\" height=\"407\" src=\"https:\/\/tierra-ayni.com\/wp-content\/uploads\/2020\/11\/mobile-outage-response.png\" alt=\"\" class=\"wp-image-1965\" srcset=\"https:\/\/tierra-ayni.com\/wp-content\/uploads\/2020\/11\/mobile-outage-response.png 600w, https:\/\/tierra-ayni.com\/wp-content\/uploads\/2020\/11\/mobile-outage-response-300x204.png 300w\" sizes=\"auto, (max-width: 600px) 100vw, 600px\" \/><\/figure><\/div>\n<\/div>\n\n\n\n<div class=\"wp-block-column is-layout-flow wp-block-column-is-layout-flow\">\n<h4 class=\"wp-block-heading\">Mobile Outage Response<\/h4>\n\n\n\n<p>Integrado con el sistema de gesti\u00f3n de incidencias de GE Digital Grid y con Electric Office, esta aplicaci\u00f3n m\u00f3vil maximiza la productividad de las cuadrillas de terreno y de los despachadores de energ\u00eda mientras atienden incidencias en la red.<\/p>\n<\/div>\n<\/div>\n\n\n\n<div class=\"wp-block-columns is-layout-flex wp-container-core-columns-is-layout-7 wp-block-columns-is-layout-flex\">\n<div class=\"wp-block-column is-layout-flow wp-block-column-is-layout-flow\">\n<h4 class=\"wp-block-heading\">Mobile Distribution Optimization<\/h4>\n\n\n\n<p>Implementado en base al ADMS de GE Digital Grid, esta aplicaci\u00f3n permite que las cuadrillas de campo resuelvan los desaf\u00edos de maniobras operacionales directamente en terreno colaborando en l\u00ednea con el centro de control.<\/p>\n<\/div>\n\n\n\n<div class=\"wp-block-column is-layout-flow wp-block-column-is-layout-flow\">\n<div class=\"wp-block-image\"><figure class=\"alignright size-large\"><img loading=\"lazy\" decoding=\"async\" width=\"600\" height=\"407\" src=\"https:\/\/tierra-ayni.com\/wp-content\/uploads\/2020\/11\/mobile-distribution-optimization.png\" alt=\"\" class=\"wp-image-1967\" srcset=\"https:\/\/tierra-ayni.com\/wp-content\/uploads\/2020\/11\/mobile-distribution-optimization.png 600w, https:\/\/tierra-ayni.com\/wp-content\/uploads\/2020\/11\/mobile-distribution-optimization-300x204.png 300w\" sizes=\"auto, (max-width: 600px) 100vw, 600px\" \/><\/figure><\/div>\n<\/div>\n<\/div>\n\n\n\n<div class=\"wp-block-buttons aligncenter is-layout-flex wp-block-buttons-is-layout-flex\">\n<div class=\"wp-block-button is-style-fill\"><a class=\"wp-block-button__link has-white-color has-vivid-cyan-blue-background-color has-text-color has-background\" href=\"https:\/\/www.ge.com\/digital\/applications\/digital-worker-power-utilities-telecoms\/digital-worker-utilities-telecoms\" style=\"border-radius:15px\" target=\"_blank\" rel=\"noreferrer noopener\">M\u00e1s informaci\u00f3n en GE Digital Grid&#8230;<\/a><\/div>\n<\/div>\n\n\n\n<p class=\"has-text-align-right has-small-font-size\"><sub><em><span class=\"has-inline-color has-cyan-bluish-gray-color\">Algunas im\u00e1genes utilizadas en esta p\u00e1gina son de autor\u00eda de GE Digital Grid.<\/span><\/em><\/sub><\/p>\n\n\n\n<figure class=\"wp-block-pullquote\"><blockquote><p>\u00bf Listo para llevar el GIS a terreno ?<\/p><p>Ll\u00e1menos para conocer m\u00e1s acerca de Mobile Enterprise Suite.<\/p><\/blockquote><\/figure>\n\n\n\n<h4 class=\"wp-block-heading\">Algunos temas relacionados&#8230;<\/h4>\n\n\n\n<div class=\"wp-block-columns is-layout-flex wp-container-core-columns-is-layout-8 wp-block-columns-is-layout-flex\">\n<div class=\"wp-block-column is-layout-flow wp-block-column-is-layout-flow\">\n<div class=\"wp-block-image\"><figure class=\"aligncenter size-large\"><a href=\"https:\/\/tierra-ayni.com\/?page_id=2005\"><img loading=\"lazy\" decoding=\"async\" width=\"320\" height=\"200\" src=\"https:\/\/tierra-ayni.com\/wp-content\/uploads\/2020\/12\/column_header_adms.png\" alt=\"\" class=\"wp-image-2370\" srcset=\"https:\/\/tierra-ayni.com\/wp-content\/uploads\/2020\/12\/column_header_adms.png 320w, https:\/\/tierra-ayni.com\/wp-content\/uploads\/2020\/12\/column_header_adms-300x188.png 300w\" sizes=\"auto, (max-width: 320px) 100vw, 320px\" \/><\/a><\/figure><\/div>\n<\/div>\n\n\n\n<div class=\"wp-block-column is-layout-flow wp-block-column-is-layout-flow\">\n<div class=\"wp-block-image\"><figure class=\"aligncenter size-large\"><a href=\"https:\/\/tierra-ayni.com\/?page_id=1977\"><img loading=\"lazy\" decoding=\"async\" width=\"320\" height=\"200\" src=\"https:\/\/tierra-ayni.com\/wp-content\/uploads\/2020\/12\/column_header_unis.png\" alt=\"\" class=\"wp-image-2371\" srcset=\"https:\/\/tierra-ayni.com\/wp-content\/uploads\/2020\/12\/column_header_unis.png 320w, https:\/\/tierra-ayni.com\/wp-content\/uploads\/2020\/12\/column_header_unis-300x188.png 300w\" sizes=\"auto, (max-width: 320px) 100vw, 320px\" \/><\/a><\/figure><\/div>\n<\/div>\n\n\n\n<div class=\"wp-block-column is-layout-flow wp-block-column-is-layout-flow\">\n<div class=\"wp-block-image\"><figure class=\"aligncenter size-large\"><a href=\"https:\/\/tierra-ayni.com\/?page_id=1457\"><img loading=\"lazy\" decoding=\"async\" width=\"320\" height=\"200\" src=\"https:\/\/tierra-ayni.com\/wp-content\/uploads\/2020\/12\/column_header_data.png\" alt=\"\" class=\"wp-image-2372\" srcset=\"https:\/\/tierra-ayni.com\/wp-content\/uploads\/2020\/12\/column_header_data.png 320w, https:\/\/tierra-ayni.com\/wp-content\/uploads\/2020\/12\/column_header_data-300x188.png 300w\" sizes=\"auto, (max-width: 320px) 100vw, 320px\" \/><\/a><\/figure><\/div>\n<\/div>\n<\/div>\n","protected":false},"excerpt":{"rendered":"<p>\u00bfQue es Mobile Enterprise Suite? MES constituye una plataforma m\u00f3vil exclusivamente focalizada en empresas de Distribuci\u00f3n de Servicios P\u00fablicos y Telecomunicaciones que maximiza el valor de los datos y la &#8230;<\/p>\n","protected":false},"author":3,"featured_media":0,"parent":0,"menu_order":0,"comment_status":"closed","ping_status":"closed","template":"template-fullwidth.php","meta":{"footnotes":""},"class_list":["post-1939","page","type-page","status-publish","hentry"],"_links":{"self":[{"href":"https:\/\/tierra-ayni.com\/index.php?rest_route=\/wp\/v2\/pages\/1939","targetHints":{"allow":["GET"]}}],"collection":[{"href":"https:\/\/tierra-ayni.com\/index.php?rest_route=\/wp\/v2\/pages"}],"about":[{"href":"https:\/\/tierra-ayni.com\/index.php?rest_route=\/wp\/v2\/types\/page"}],"author":[{"embeddable":true,"href":"https:\/\/tierra-ayni.com\/index.php?rest_route=\/wp\/v2\/users\/3"}],"replies":[{"embeddable":true,"href":"https:\/\/tierra-ayni.com\/index.php?rest_route=%2Fwp%2Fv2%2Fcomments&post=1939"}],"version-history":[{"count":36,"href":"https:\/\/tierra-ayni.com\/index.php?rest_route=\/wp\/v2\/pages\/1939\/revisions"}],"predecessor-version":[{"id":2374,"href":"https:\/\/tierra-ayni.com\/index.php?rest_route=\/wp\/v2\/pages\/1939\/revisions\/2374"}],"wp:attachment":[{"href":"https:\/\/tierra-ayni.com\/index.php?rest_route=%2Fwp%2Fv2%2Fmedia&parent=1939"}],"curies":[{"name":"wp","href":"https:\/\/api.w.org\/{rel}","templated":true}]}}