{"id":1977,"date":"2020-12-01T07:19:59","date_gmt":"2020-12-01T11:19:59","guid":{"rendered":"http:\/\/wp.tierra-ayni.com\/?page_id=1977"},"modified":"2020-12-18T12:34:38","modified_gmt":"2020-12-18T16:34:38","slug":"underground-network-information-system-unis-1-0","status":"publish","type":"page","link":"https:\/\/tierra-ayni.com\/?page_id=1977","title":{"rendered":"Underground Network Information System &#8211; UNIS 1.0"},"content":{"rendered":"\n<figure class=\"wp-block-image alignwide size-large\"><img loading=\"lazy\" decoding=\"async\" width=\"1024\" height=\"410\" src=\"https:\/\/tierra-ayni.com\/wp-content\/uploads\/2020\/12\/page_header_unis-1024x410.png\" alt=\"\" class=\"wp-image-2218\" srcset=\"https:\/\/tierra-ayni.com\/wp-content\/uploads\/2020\/12\/page_header_unis-1024x410.png 1024w, https:\/\/tierra-ayni.com\/wp-content\/uploads\/2020\/12\/page_header_unis-300x120.png 300w, https:\/\/tierra-ayni.com\/wp-content\/uploads\/2020\/12\/page_header_unis-768x307.png 768w, https:\/\/tierra-ayni.com\/wp-content\/uploads\/2020\/12\/page_header_unis-1536x614.png 1536w, https:\/\/tierra-ayni.com\/wp-content\/uploads\/2020\/12\/page_header_unis.png 1600w\" sizes=\"auto, (max-width: 1024px) 100vw, 1024px\" \/><\/figure>\n\n\n\n<div style=\"height:37px\" aria-hidden=\"true\" class=\"wp-block-spacer\"><\/div>\n\n\n\n<div class=\"wp-block-columns is-layout-flex wp-container-core-columns-is-layout-3 wp-block-columns-is-layout-flex\">\n<div class=\"wp-block-column is-layout-flow wp-block-column-is-layout-flow\">\n<div class=\"wp-block-columns is-layout-flex wp-container-core-columns-is-layout-1 wp-block-columns-is-layout-flex\">\n<div class=\"wp-block-column is-layout-flow wp-block-column-is-layout-flow\">\n<figure class=\"wp-block-image size-large\"><img loading=\"lazy\" decoding=\"async\" width=\"191\" height=\"190\" src=\"https:\/\/tierra-ayni.com\/wp-content\/uploads\/2020\/12\/unis1.jpg\" alt=\"\" class=\"wp-image-1983\" srcset=\"https:\/\/tierra-ayni.com\/wp-content\/uploads\/2020\/12\/unis1.jpg 191w, https:\/\/tierra-ayni.com\/wp-content\/uploads\/2020\/12\/unis1-150x150.jpg 150w\" sizes=\"auto, (max-width: 191px) 100vw, 191px\" \/><\/figure>\n\n\n\n<h4 class=\"wp-block-heading\">Integraci\u00f3n GIS<\/h4>\n\n\n\n<p>Integraci\u00f3n automatizada con GE Smallworld Gas Distribution Office y otros GIS para la georreferenciaci\u00f3n f\u00e1cil y precisa de actividades interferencias en las redes.<\/p>\n<\/div>\n\n\n\n<div class=\"wp-block-column is-layout-flow wp-block-column-is-layout-flow\">\n<div class=\"wp-block-image\"><figure class=\"aligncenter size-large\"><img loading=\"lazy\" decoding=\"async\" width=\"190\" height=\"190\" src=\"https:\/\/tierra-ayni.com\/wp-content\/uploads\/2020\/12\/unis4.jpg\" alt=\"\" class=\"wp-image-1987\" srcset=\"https:\/\/tierra-ayni.com\/wp-content\/uploads\/2020\/12\/unis4.jpg 190w, https:\/\/tierra-ayni.com\/wp-content\/uploads\/2020\/12\/unis4-150x150.jpg 150w\" sizes=\"auto, (max-width: 190px) 100vw, 190px\" \/><\/figure><\/div>\n\n\n\n<h4 class=\"wp-block-heading\">Reducci\u00f3n de Tiempos de Respuesta<\/h4>\n\n\n\n<p>Automatizaci\u00f3n de generaci\u00f3n de las respuestas \u201cSin Red\u201d y \u201cCon Red\u201d a trav\u00e9s de flujos de informaci\u00f3n basados en reglas de negocio.<\/p>\n<\/div>\n<\/div>\n<\/div>\n\n\n\n<div class=\"wp-block-column is-layout-flow wp-block-column-is-layout-flow\">\n<div class=\"wp-block-columns is-layout-flex wp-container-core-columns-is-layout-2 wp-block-columns-is-layout-flex\">\n<div class=\"wp-block-column is-layout-flow wp-block-column-is-layout-flow\">\n<div class=\"wp-block-image\"><figure class=\"aligncenter size-large\"><img loading=\"lazy\" decoding=\"async\" width=\"191\" height=\"190\" src=\"https:\/\/tierra-ayni.com\/wp-content\/uploads\/2020\/12\/unis3.jpg\" alt=\"\" class=\"wp-image-1985\" srcset=\"https:\/\/tierra-ayni.com\/wp-content\/uploads\/2020\/12\/unis3.jpg 191w, https:\/\/tierra-ayni.com\/wp-content\/uploads\/2020\/12\/unis3-150x150.jpg 150w\" sizes=\"auto, (max-width: 191px) 100vw, 191px\" \/><\/figure><\/div>\n\n\n\n<h4 class=\"wp-block-heading\">Reducci\u00f3n de Costos<\/h4>\n\n\n\n<p>Reducci\u00f3n de costos en horas laborales por recepci\u00f3n de solicitudes a trav\u00e9s de m\u00faltiples canales y emisi\u00f3n de respuestas automatizadas.<\/p>\n<\/div>\n\n\n\n<div class=\"wp-block-column is-layout-flow wp-block-column-is-layout-flow\">\n<div class=\"wp-block-image\"><figure class=\"aligncenter size-large\"><img loading=\"lazy\" decoding=\"async\" width=\"191\" height=\"190\" src=\"https:\/\/tierra-ayni.com\/wp-content\/uploads\/2020\/12\/unis2-1.jpg\" alt=\"\" class=\"wp-image-1986\" srcset=\"https:\/\/tierra-ayni.com\/wp-content\/uploads\/2020\/12\/unis2-1.jpg 191w, https:\/\/tierra-ayni.com\/wp-content\/uploads\/2020\/12\/unis2-1-150x150.jpg 150w\" sizes=\"auto, (max-width: 191px) 100vw, 191px\" \/><\/figure><\/div>\n\n\n\n<h4 class=\"wp-block-heading\">Cumplimiento Regulatorio<\/h4>\n\n\n\n<p>Actualizaci\u00f3n de ticket en tiempo real, registro de tiempos de respuesta y actividades de inspecci\u00f3n y apoyo y generaci\u00f3n de reportes regulatorios.<\/p>\n<\/div>\n<\/div>\n<\/div>\n<\/div>\n\n\n\n<h3 class=\"wp-block-heading\">Caracter\u00edsticas Generales<\/h3>\n\n\n\n<ul class=\"wp-block-list\"><li>Integraci\u00f3n nativa con las soluciones Gas Distribution Office, Electric Office, Water Office y Physical Network Inventory de GE Digital Grid<\/li><li>Sistema modular y escalable de acuerdo a las necesidades de la empresa<\/li><li>Aplicaciones Web para la administraci\u00f3n de las solicitudes LLAE e integraci\u00f3n con aplicaciones de operaci\u00f3n<\/li><li>Aplicaciones m\u00f3viles para iOS y Android<\/li><li>Habilitado para apoyar la gesti\u00f3n de emergencia en la red<\/li><li>Cumplimiento con normas legales de los entes reguladores de Chile<\/li><\/ul>\n\n\n\n<div class=\"wp-block-columns is-layout-flex wp-container-core-columns-is-layout-4 wp-block-columns-is-layout-flex\">\n<div class=\"wp-block-column is-layout-flow wp-block-column-is-layout-flow\">\n<h4 class=\"wp-block-heading\">Formulario de Solicitud &#8216;LLAE&#8217;<\/h4>\n\n\n\n<ul class=\"wp-block-list\"><li>Formulario WEB para ingreso de solicitudes \u2018LLAE\u2019<\/li><li>Campos personalizables para adaptaci\u00f3n a necesidades de la empresa<\/li><li>Administraci\u00f3n de cuentas de usuarios con datos pregrabados para \u2018Solicitante\u2019<\/li><li>Integraci\u00f3n con mapas para indicar con puntos o pol\u00edgonos los lugares de excavaci\u00f3n<\/li><li>Lista y detalle de solicitudes<\/li><li>Tratamiento de solicitudes como ticket con manejo de archivos adjuntos<\/li><\/ul>\n<\/div>\n\n\n\n<div class=\"wp-block-column is-layout-flow wp-block-column-is-layout-flow\">\n<div class=\"wp-block-image\"><figure class=\"alignright size-large\"><img loading=\"lazy\" decoding=\"async\" width=\"412\" height=\"210\" src=\"https:\/\/tierra-ayni.com\/wp-content\/uploads\/2020\/12\/unis_screen1.png\" alt=\"\" class=\"wp-image-2037\" srcset=\"https:\/\/tierra-ayni.com\/wp-content\/uploads\/2020\/12\/unis_screen1.png 412w, https:\/\/tierra-ayni.com\/wp-content\/uploads\/2020\/12\/unis_screen1-300x153.png 300w\" sizes=\"auto, (max-width: 412px) 100vw, 412px\" \/><\/figure><\/div>\n<\/div>\n<\/div>\n\n\n\n<div class=\"wp-block-columns is-layout-flex wp-container-core-columns-is-layout-5 wp-block-columns-is-layout-flex\">\n<div class=\"wp-block-column is-layout-flow wp-block-column-is-layout-flow\">\n<div class=\"wp-block-image\"><figure class=\"alignleft size-large\"><img loading=\"lazy\" decoding=\"async\" width=\"412\" height=\"211\" src=\"https:\/\/tierra-ayni.com\/wp-content\/uploads\/2020\/12\/unis_screen2.png\" alt=\"\" class=\"wp-image-2038\" srcset=\"https:\/\/tierra-ayni.com\/wp-content\/uploads\/2020\/12\/unis_screen2.png 412w, https:\/\/tierra-ayni.com\/wp-content\/uploads\/2020\/12\/unis_screen2-300x154.png 300w\" sizes=\"auto, (max-width: 412px) 100vw, 412px\" \/><\/figure><\/div>\n<\/div>\n\n\n\n<div class=\"wp-block-column is-layout-flow wp-block-column-is-layout-flow\">\n<h4 class=\"wp-block-heading\">Gesti\u00f3n de Tickets &#8216;LLAE&#8217;<\/h4>\n\n\n\n<ul class=\"wp-block-list\"><li>Lista de ticket con filtros de b\u00fasqueda<\/li><li>Vista de mapa con ticket georreferenciados<\/li><li>Visualizaci\u00f3n de detalles de ticket<\/li><li>Cambio de estado de ticket<\/li><li>Registro de fechas y horas<\/li><\/ul>\n<\/div>\n<\/div>\n\n\n\n<div class=\"wp-block-columns is-layout-flex wp-container-core-columns-is-layout-6 wp-block-columns-is-layout-flex\">\n<div class=\"wp-block-column is-layout-flow wp-block-column-is-layout-flow\">\n<h4 class=\"wp-block-heading\">Dashboard de Gesti\u00f3n<\/h4>\n\n\n\n<ul class=\"wp-block-list\"><li>Visualizaci\u00f3n de indicadores de gesti\u00f3n<\/li><li>Reportes estad\u00edsticos de ticket<\/li><li>Reportes regulatorios<\/li><li>Reportes de auditoria<\/li><\/ul>\n<\/div>\n\n\n\n<div class=\"wp-block-column is-layout-flow wp-block-column-is-layout-flow\">\n<div class=\"wp-block-image\"><figure class=\"alignright size-large\"><img loading=\"lazy\" decoding=\"async\" width=\"412\" height=\"209\" src=\"https:\/\/tierra-ayni.com\/wp-content\/uploads\/2020\/12\/unis_screen3.png\" alt=\"\" class=\"wp-image-2039\" srcset=\"https:\/\/tierra-ayni.com\/wp-content\/uploads\/2020\/12\/unis_screen3.png 412w, https:\/\/tierra-ayni.com\/wp-content\/uploads\/2020\/12\/unis_screen3-300x152.png 300w\" sizes=\"auto, (max-width: 412px) 100vw, 412px\" \/><\/figure><\/div>\n<\/div>\n<\/div>\n\n\n\n<div class=\"wp-block-columns is-layout-flex wp-container-core-columns-is-layout-7 wp-block-columns-is-layout-flex\">\n<div class=\"wp-block-column is-layout-flow wp-block-column-is-layout-flow\">\n<h4 class=\"wp-block-heading\">Gesti\u00f3n de Interferencias <\/h4>\n\n\n\n<ul class=\"wp-block-list\"><li>Administraci\u00f3n de fechas y horas de obras<\/li><li>Asignaci\u00f3n de ticket a inspectores<\/li><li>Registro de supervisi\u00f3n de obras<\/li><li>Registro de documentos y fotos asociados a la obra<\/li><li>Cierre supervisado de ticket<\/li><li>Aplicaci\u00f3n M\u00f3vil para captura de datos<\/li><\/ul>\n<\/div>\n\n\n\n<div class=\"wp-block-column is-layout-flow wp-block-column-is-layout-flow\">\n<h4 class=\"wp-block-heading\">&#8216;LLAE&#8217; Operaciones (para GDO)<\/h4>\n\n\n\n<ul class=\"wp-block-list\"><li>Integraci\u00f3n con GE Smallworld Gas Distribution Office (GDO)<\/li><li>Despliegue de ticket como interferencias en GDO en forma integrada con m\u00f3dulos de operaciones<\/li><li>Gesti\u00f3n de Interrupciones<\/li><li>An\u00e1lisis de Clientes Afectados<\/li><li>Registro de Eventos<\/li><li>Registro de Fugas<\/li><\/ul>\n<\/div>\n<\/div>\n\n\n\n<div class=\"wp-block-columns is-layout-flex wp-container-core-columns-is-layout-8 wp-block-columns-is-layout-flex\">\n<div class=\"wp-block-column is-layout-flow wp-block-column-is-layout-flow\"><\/div>\n\n\n\n<div class=\"wp-block-column is-layout-flow wp-block-column-is-layout-flow\"><\/div>\n<\/div>\n\n\n\n<h4 class=\"wp-block-heading\">Herramientas de Sistema<\/h4>\n\n\n\n<ul class=\"wp-block-list\"><li>Servicios REST para integraci\u00f3n con portales WEB u otras aplicaciones de captura de ticket<\/li><li>Configuraci\u00f3n de servicios de mapas WMS<\/li><li>Asignaci\u00f3n autom\u00e1tica de ticket seg\u00fan roles y departamentos<\/li><li>Asignaci\u00f3n y priorizaci\u00f3n autom\u00e1tica de ticket seg\u00fan \u00e1reas geogr\u00e1ficas organizacionales y de riesgo contenidas en el GIS<\/li><li>Gesti\u00f3n de Tag para categorizar ticket<\/li><li>Generaci\u00f3n autom\u00e1tica de PDF de respuesta positiva con redes existentes<\/li><li>Notificaci\u00f3n de eventos por correo electr\u00f3nico<\/li><li>Administraci\u00f3n de cuentas de usuarios y roles<\/li><\/ul>\n\n\n\n<div class=\"wp-block-buttons aligncenter is-layout-flex wp-block-buttons-is-layout-flex\">\n<div class=\"wp-block-button is-style-fill\"><a class=\"wp-block-button__link has-white-color has-vivid-cyan-blue-background-color has-text-color has-background\" href=\"https:\/\/tierra-ayni.com\/#contact\" style=\"border-radius:15px\">\u00bf Interesado en un demo? Cont\u00e1ctenos para coordinarlo&#8230;<\/a><\/div>\n<\/div>\n\n\n\n<div style=\"height:44px\" aria-hidden=\"true\" class=\"wp-block-spacer\"><\/div>\n\n\n\n<h4 class=\"wp-block-heading\">Temas relacionados&#8230;<\/h4>\n\n\n\n<div class=\"wp-block-columns is-layout-flex wp-container-core-columns-is-layout-9 wp-block-columns-is-layout-flex\">\n<div class=\"wp-block-column is-layout-flow wp-block-column-is-layout-flow\">\n<div class=\"wp-block-image\"><figure class=\"aligncenter size-large\"><a href=\"https:\/\/tierra-ayni.com\/?p=1700\"><img loading=\"lazy\" decoding=\"async\" width=\"320\" height=\"200\" src=\"https:\/\/tierra-ayni.com\/wp-content\/uploads\/2020\/12\/column_header_gdo.png\" alt=\"\" class=\"wp-image-2380\" srcset=\"https:\/\/tierra-ayni.com\/wp-content\/uploads\/2020\/12\/column_header_gdo.png 320w, https:\/\/tierra-ayni.com\/wp-content\/uploads\/2020\/12\/column_header_gdo-300x188.png 300w\" sizes=\"auto, (max-width: 320px) 100vw, 320px\" \/><\/a><\/figure><\/div>\n<\/div>\n\n\n\n<div class=\"wp-block-column is-layout-flow wp-block-column-is-layout-flow\">\n<div class=\"wp-block-image\"><figure class=\"aligncenter size-large\"><a href=\"https:\/\/tierra-ayni.com\/?p=1702\"><img loading=\"lazy\" decoding=\"async\" width=\"320\" height=\"200\" src=\"https:\/\/tierra-ayni.com\/wp-content\/uploads\/2020\/12\/column_header_gto.png\" alt=\"\" class=\"wp-image-2381\" srcset=\"https:\/\/tierra-ayni.com\/wp-content\/uploads\/2020\/12\/column_header_gto.png 320w, https:\/\/tierra-ayni.com\/wp-content\/uploads\/2020\/12\/column_header_gto-300x188.png 300w\" sizes=\"auto, (max-width: 320px) 100vw, 320px\" \/><\/a><\/figure><\/div>\n<\/div>\n\n\n\n<div class=\"wp-block-column is-layout-flow wp-block-column-is-layout-flow\">\n<div class=\"wp-block-image\"><figure class=\"aligncenter size-large\"><a href=\"https:\/\/tierra-ayni.com\/?page_id=2066\"><img loading=\"lazy\" decoding=\"async\" width=\"320\" height=\"200\" src=\"https:\/\/tierra-ayni.com\/wp-content\/uploads\/2020\/12\/column_header_wo.png\" alt=\"\" class=\"wp-image-2382\" srcset=\"https:\/\/tierra-ayni.com\/wp-content\/uploads\/2020\/12\/column_header_wo.png 320w, https:\/\/tierra-ayni.com\/wp-content\/uploads\/2020\/12\/column_header_wo-300x188.png 300w\" sizes=\"auto, (max-width: 320px) 100vw, 320px\" \/><\/a><\/figure><\/div>\n<\/div>\n<\/div>\n","protected":false},"excerpt":{"rendered":"<p>Integraci\u00f3n GIS Integraci\u00f3n automatizada con GE Smallworld Gas Distribution Office y otros GIS para la georreferenciaci\u00f3n f\u00e1cil y precisa de actividades interferencias en las redes. Reducci\u00f3n de Tiempos de Respuesta &#8230;<\/p>\n","protected":false},"author":3,"featured_media":0,"parent":0,"menu_order":0,"comment_status":"closed","ping_status":"closed","template":"template-fullwidth.php","meta":{"footnotes":""},"class_list":["post-1977","page","type-page","status-publish","hentry"],"_links":{"self":[{"href":"https:\/\/tierra-ayni.com\/index.php?rest_route=\/wp\/v2\/pages\/1977","targetHints":{"allow":["GET"]}}],"collection":[{"href":"https:\/\/tierra-ayni.com\/index.php?rest_route=\/wp\/v2\/pages"}],"about":[{"href":"https:\/\/tierra-ayni.com\/index.php?rest_route=\/wp\/v2\/types\/page"}],"author":[{"embeddable":true,"href":"https:\/\/tierra-ayni.com\/index.php?rest_route=\/wp\/v2\/users\/3"}],"replies":[{"embeddable":true,"href":"https:\/\/tierra-ayni.com\/index.php?rest_route=%2Fwp%2Fv2%2Fcomments&post=1977"}],"version-history":[{"count":14,"href":"https:\/\/tierra-ayni.com\/index.php?rest_route=\/wp\/v2\/pages\/1977\/revisions"}],"predecessor-version":[{"id":2383,"href":"https:\/\/tierra-ayni.com\/index.php?rest_route=\/wp\/v2\/pages\/1977\/revisions\/2383"}],"wp:attachment":[{"href":"https:\/\/tierra-ayni.com\/index.php?rest_route=%2Fwp%2Fv2%2Fmedia&parent=1977"}],"curies":[{"name":"wp","href":"https:\/\/api.w.org\/{rel}","templated":true}]}}