{"id":1993,"date":"2020-12-01T09:39:55","date_gmt":"2020-12-01T13:39:55","guid":{"rendered":"http:\/\/wp.tierra-ayni.com\/?page_id=1993"},"modified":"2020-12-18T13:47:16","modified_gmt":"2020-12-18T17:47:16","slug":"physical-resource-assignment","status":"publish","type":"page","link":"https:\/\/tierra-ayni.com\/?page_id=1993","title":{"rendered":"Physical Resource Assignment"},"content":{"rendered":"\n<figure class=\"wp-block-image alignwide size-large\"><img loading=\"lazy\" decoding=\"async\" width=\"1024\" height=\"410\" src=\"https:\/\/tierra-ayni.com\/wp-content\/uploads\/2020\/12\/page_header_pra-1024x410.png\" alt=\"\" class=\"wp-image-2220\" srcset=\"https:\/\/tierra-ayni.com\/wp-content\/uploads\/2020\/12\/page_header_pra-1024x410.png 1024w, https:\/\/tierra-ayni.com\/wp-content\/uploads\/2020\/12\/page_header_pra-300x120.png 300w, https:\/\/tierra-ayni.com\/wp-content\/uploads\/2020\/12\/page_header_pra-768x307.png 768w, https:\/\/tierra-ayni.com\/wp-content\/uploads\/2020\/12\/page_header_pra-1536x614.png 1536w, https:\/\/tierra-ayni.com\/wp-content\/uploads\/2020\/12\/page_header_pra.png 1600w\" sizes=\"auto, (max-width: 1024px) 100vw, 1024px\" \/><\/figure>\n\n\n\n<div style=\"height:41px\" aria-hidden=\"true\" class=\"wp-block-spacer\"><\/div>\n\n\n\n<div class=\"wp-block-columns is-layout-flex wp-container-core-columns-is-layout-1 wp-block-columns-is-layout-flex\">\n<div class=\"wp-block-column is-layout-flow wp-block-column-is-layout-flow\">\n<h3 class=\"wp-block-heading\">Desaf\u00edos del Proceso de Provisi\u00f3n de Servicios<\/h3>\n\n\n\n<p>La cantidad de solicitudes de servicio no respondidas correctamente es muy alta debido a las brechas entre el inventario f\u00edsico y l\u00f3gico.<\/p>\n\n\n\n<p>La revisi\u00f3n de disponibilidad de recursos f\u00edsicos en la red atrasa demasiado las respuestas de factibilidad de servicio.<\/p>\n\n\n\n<p>Determinar autom\u00e1ticamente el trabajo de terreno necesario para establecer una conexi\u00f3n a menudo se vuelve dif\u00edcil.<\/p>\n\n\n\n<p>Optimizar los procesos de trabajo integrados con sistemas legados genera dificultades.<\/p>\n\n\n\n<p>La integraci\u00f3n del inventario f\u00edsico con el l\u00f3gico es muy complejo.<\/p>\n<\/div>\n\n\n\n<div class=\"wp-block-column is-layout-flow wp-block-column-is-layout-flow\">\n<h3 class=\"wp-block-heading\">\u00bfC\u00f3mo PRA ayuda a enfrentar estos desaf\u00edos? <\/h3>\n\n\n\n<p>El objetivo de PRA es hacer fluido el proceso de Provisi\u00f3n de Recursos y Servicios.<\/p>\n\n\n\n<p>Provee una interfaz est\u00e1ndar entre Smallworld PNI y Sistemas de Provisi\u00f3n de Servicio.<\/p>\n\n\n\n<p>Realiza asignaci\u00f3n autom\u00e1tica de rutas f\u00edsicas end-to-end completamente conectadas para satisfacer los requerimientos de servicios.<\/p>\n\n\n\n<p>Reglas de ruteo configurables permiten definir nuevos tipos de servicios y desplegarlos sin customizaciones.<\/p>\n\n\n\n<p>PRA es un producto que utiliza est\u00e1ndares TM Forum para reducir las necesidades de customizaci\u00f3n y la complejidad de las integraciones. <\/p>\n<\/div>\n<\/div>\n\n\n\n<h3 class=\"wp-block-heading\">Los Beneficios de Inventarios Integrados para la Provisi\u00f3n de Servicios<\/h3>\n\n\n\n<div class=\"wp-block-columns is-layout-flex wp-container-core-columns-is-layout-2 wp-block-columns-is-layout-flex\">\n<div class=\"wp-block-column is-layout-flow wp-block-column-is-layout-flow\">\n<div class=\"wp-block-image\"><figure class=\"alignleft size-large\"><img loading=\"lazy\" decoding=\"async\" width=\"459\" height=\"462\" src=\"https:\/\/tierra-ayni.com\/wp-content\/uploads\/2020\/12\/PRA.png\" alt=\"\" class=\"wp-image-1999\" srcset=\"https:\/\/tierra-ayni.com\/wp-content\/uploads\/2020\/12\/PRA.png 459w, https:\/\/tierra-ayni.com\/wp-content\/uploads\/2020\/12\/PRA-298x300.png 298w, https:\/\/tierra-ayni.com\/wp-content\/uploads\/2020\/12\/PRA-150x150.png 150w\" sizes=\"auto, (max-width: 459px) 100vw, 459px\" \/><\/figure><\/div>\n<\/div>\n\n\n\n<div class=\"wp-block-column is-layout-flow wp-block-column-is-layout-flow\">\n<ul class=\"wp-block-list\"><li>Reduce costos de operaci\u00f3n a trav\u00e9s de mayor eficiencia basada en mayor calidad de datos.<\/li><li>Disminuye los tiempos de respuesta ante solicitudes de servicios y mejora la experiencia del cliente.<\/li><li>La integraci\u00f3n con el inventario f\u00edsico de la red (PNI) es parte del producto y con los sistemas de inventario l\u00f3gico est\u00e1 basada en est\u00e1ndares TM Forum, lo cual provee arquitecturas limpias y de alta performance.<\/li><\/ul>\n<\/div>\n<\/div>\n\n\n\n<div class=\"wp-block-columns is-layout-flex wp-container-core-columns-is-layout-3 wp-block-columns-is-layout-flex\">\n<div class=\"wp-block-column is-layout-flow wp-block-column-is-layout-flow\">\n<p>PRA implementa la interfaz TM Forum MTOSI 2.0 para &#8216;Service Component Activation&#8217; a trav\u00e9s de los siguientes servicios est\u00e1ndar:<\/p>\n\n\n\n<ul class=\"wp-block-list\"><li>feasibility<\/li><li>reserve<\/li><li>provision<\/li><li>activate<\/li><li>terminate<\/li><\/ul>\n<\/div>\n\n\n\n<div class=\"wp-block-column is-layout-flow wp-block-column-is-layout-flow\">\n<div class=\"wp-block-image\"><figure class=\"alignright size-large\"><img loading=\"lazy\" decoding=\"async\" width=\"675\" height=\"608\" src=\"https:\/\/tierra-ayni.com\/wp-content\/uploads\/2020\/12\/etom.jpg\" alt=\"\" class=\"wp-image-2000\" srcset=\"https:\/\/tierra-ayni.com\/wp-content\/uploads\/2020\/12\/etom.jpg 675w, https:\/\/tierra-ayni.com\/wp-content\/uploads\/2020\/12\/etom-300x270.jpg 300w\" sizes=\"auto, (max-width: 675px) 100vw, 675px\" \/><\/figure><\/div>\n<\/div>\n<\/div>\n\n\n\n<figure class=\"wp-block-pullquote\"><blockquote><p>Si usted desea conocer m\u00e1s detalles o coordinar una demo una reuni\u00f3n, no dude en contactarnos&#8230;<\/p><\/blockquote><\/figure>\n\n\n\n<div style=\"height:51px\" aria-hidden=\"true\" class=\"wp-block-spacer\"><\/div>\n\n\n\n<div class=\"wp-block-buttons aligncenter is-layout-flex wp-block-buttons-is-layout-flex\">\n<div class=\"wp-block-button\"><a class=\"wp-block-button__link has-white-color has-vivid-cyan-blue-background-color has-text-color has-background\" style=\"border-radius:30px\">Para m\u00e1s informaci\u00f3n, por favor cont\u00e1ctenos&#8230;<\/a><\/div>\n<\/div>\n\n\n\n<div style=\"height:50px\" aria-hidden=\"true\" class=\"wp-block-spacer\"><\/div>\n\n\n\n<h4 class=\"wp-block-heading\">Temas relacionados&#8230;<\/h4>\n\n\n\n<div class=\"wp-block-columns is-layout-flex wp-container-core-columns-is-layout-4 wp-block-columns-is-layout-flex\">\n<div class=\"wp-block-column is-layout-flow wp-block-column-is-layout-flow\">\n<figure class=\"wp-block-image size-large\"><img loading=\"lazy\" decoding=\"async\" width=\"320\" height=\"200\" src=\"http:\/\/www.tierra-ayni.com\/wp-content\/uploads\/2020\/12\/column_header_comsof.png\" alt=\"\" class=\"wp-image-2202\" srcset=\"https:\/\/tierra-ayni.com\/wp-content\/uploads\/2020\/12\/column_header_comsof.png 320w, https:\/\/tierra-ayni.com\/wp-content\/uploads\/2020\/12\/column_header_comsof-300x188.png 300w\" sizes=\"auto, (max-width: 320px) 100vw, 320px\" \/><\/figure>\n<\/div>\n\n\n\n<div class=\"wp-block-column is-layout-flow wp-block-column-is-layout-flow\">\n<div class=\"wp-block-image\"><figure class=\"aligncenter size-large\"><a href=\"https:\/\/tierra-ayni.com\/?p=1720\"><img loading=\"lazy\" decoding=\"async\" width=\"320\" height=\"200\" src=\"http:\/\/www.tierra-ayni.com\/wp-content\/uploads\/2020\/12\/column_header_gsa.png\" alt=\"\" class=\"wp-image-2198\" srcset=\"https:\/\/tierra-ayni.com\/wp-content\/uploads\/2020\/12\/column_header_gsa.png 320w, https:\/\/tierra-ayni.com\/wp-content\/uploads\/2020\/12\/column_header_gsa-300x188.png 300w\" sizes=\"auto, (max-width: 320px) 100vw, 320px\" \/><\/a><\/figure><\/div>\n<\/div>\n\n\n\n<div class=\"wp-block-column is-layout-flow wp-block-column-is-layout-flow\">\n<div class=\"wp-block-image\"><figure class=\"aligncenter size-large\"><a href=\"https:\/\/tierra-ayni.com\/?page_id=2018\"><img loading=\"lazy\" decoding=\"async\" width=\"320\" height=\"200\" src=\"https:\/\/tierra-ayni.com\/wp-content\/uploads\/2020\/12\/column_header_sni.png\" alt=\"\" class=\"wp-image-2389\" srcset=\"https:\/\/tierra-ayni.com\/wp-content\/uploads\/2020\/12\/column_header_sni.png 320w, https:\/\/tierra-ayni.com\/wp-content\/uploads\/2020\/12\/column_header_sni-300x188.png 300w\" sizes=\"auto, (max-width: 320px) 100vw, 320px\" \/><\/a><\/figure><\/div>\n<\/div>\n<\/div>\n","protected":false},"excerpt":{"rendered":"<p>Desaf\u00edos del Proceso de Provisi\u00f3n de Servicios La cantidad de solicitudes de servicio no respondidas correctamente es muy alta debido a las brechas entre el inventario f\u00edsico y l\u00f3gico. La &#8230;<\/p>\n","protected":false},"author":3,"featured_media":0,"parent":0,"menu_order":0,"comment_status":"closed","ping_status":"closed","template":"template-fullwidth.php","meta":{"footnotes":""},"class_list":["post-1993","page","type-page","status-publish","hentry"],"_links":{"self":[{"href":"https:\/\/tierra-ayni.com\/index.php?rest_route=\/wp\/v2\/pages\/1993","targetHints":{"allow":["GET"]}}],"collection":[{"href":"https:\/\/tierra-ayni.com\/index.php?rest_route=\/wp\/v2\/pages"}],"about":[{"href":"https:\/\/tierra-ayni.com\/index.php?rest_route=\/wp\/v2\/types\/page"}],"author":[{"embeddable":true,"href":"https:\/\/tierra-ayni.com\/index.php?rest_route=\/wp\/v2\/users\/3"}],"replies":[{"embeddable":true,"href":"https:\/\/tierra-ayni.com\/index.php?rest_route=%2Fwp%2Fv2%2Fcomments&post=1993"}],"version-history":[{"count":15,"href":"https:\/\/tierra-ayni.com\/index.php?rest_route=\/wp\/v2\/pages\/1993\/revisions"}],"predecessor-version":[{"id":2393,"href":"https:\/\/tierra-ayni.com\/index.php?rest_route=\/wp\/v2\/pages\/1993\/revisions\/2393"}],"wp:attachment":[{"href":"https:\/\/tierra-ayni.com\/index.php?rest_route=%2Fwp%2Fv2%2Fmedia&parent=1993"}],"curies":[{"name":"wp","href":"https:\/\/api.w.org\/{rel}","templated":true}]}}