{"id":2005,"date":"2020-12-01T10:27:39","date_gmt":"2020-12-01T14:27:39","guid":{"rendered":"http:\/\/wp.tierra-ayni.com\/?page_id=2005"},"modified":"2020-12-21T11:09:39","modified_gmt":"2020-12-21T15:09:39","slug":"advanced-distribution-management-solutions","status":"publish","type":"page","link":"https:\/\/tierra-ayni.com\/?page_id=2005","title":{"rendered":"Advanced Distribution Management Solutions"},"content":{"rendered":"\n<figure class=\"wp-block-image alignwide size-large\"><img loading=\"lazy\" decoding=\"async\" width=\"1024\" height=\"410\" src=\"https:\/\/tierra-ayni.com\/wp-content\/uploads\/2020\/12\/page_header_adms-1024x410.png\" alt=\"\" class=\"wp-image-2226\" srcset=\"https:\/\/tierra-ayni.com\/wp-content\/uploads\/2020\/12\/page_header_adms-1024x410.png 1024w, https:\/\/tierra-ayni.com\/wp-content\/uploads\/2020\/12\/page_header_adms-300x120.png 300w, https:\/\/tierra-ayni.com\/wp-content\/uploads\/2020\/12\/page_header_adms-768x307.png 768w, https:\/\/tierra-ayni.com\/wp-content\/uploads\/2020\/12\/page_header_adms-1536x614.png 1536w, https:\/\/tierra-ayni.com\/wp-content\/uploads\/2020\/12\/page_header_adms.png 1600w\" sizes=\"auto, (max-width: 1024px) 100vw, 1024px\" \/><\/figure>\n\n\n\n<div style=\"height:36px\" aria-hidden=\"true\" class=\"wp-block-spacer\"><\/div>\n\n\n\n<h3 class=\"wp-block-heading\">El Futuro de la Red El\u00e9ctrica<\/h3>\n\n\n\n<p>La administraci\u00f3n de las redes el\u00e9ctricas cada d\u00eda se vuelve m\u00e1s compleja, ya que las redes de distribuci\u00f3n son progresivamente din\u00e1micas, automatizadas e incluyen cada vez m\u00e1s fuentes de energ\u00eda distribuidas, generando grandes cantidades de datos digitales y requiriendo herramientas que soportan los procesos de operaci\u00f3n de estas redes.<\/p>\n\n\n\n<p>GE\u2019s ADMS va m\u00e1s all\u00e1 de los l\u00edmites de sistemas tradicionales de SCADA, DMS y OMS incluyendo fuentes de energ\u00eda distribuidas (DER) y proveyendo software para la gesti\u00f3n y orquestaci\u00f3n segura y eficiente de las redes de distribuci\u00f3n de energ\u00eda el\u00e9ctrica.<\/p>\n\n\n\n<p>Las soluciones de GE Digital Grid entregan confiabilidad, productividad y eficiencia a trav\u00e9s de su arquitectura modular y algoritmos adaptivos, siendo la soluci\u00f3n para soportar la transformaci\u00f3n digital de las operaciones de red de nuestros clientes.<\/p>\n\n\n\n<div style=\"height:37px\" aria-hidden=\"true\" class=\"wp-block-spacer\"><\/div>\n\n\n\n<h3 class=\"wp-block-heading\">La Soluci\u00f3n incluye &#8216;Optimizaci\u00f3n de Distribuci\u00f3n&#8217;, &#8216;Respuesta de Incidencias&#8217; y &#8216;Orquestaci\u00f3n de DER&#8217;<\/h3>\n\n\n\n<div class=\"wp-block-columns is-layout-flex wp-container-core-columns-is-layout-1 wp-block-columns-is-layout-flex\">\n<div class=\"wp-block-column is-layout-flow wp-block-column-is-layout-flow\">\n<h4 class=\"wp-block-heading\">Distribution Optimization<\/h4>\n\n\n\n<p>Basado en SCADA y DMS tradicionales se implementaron aplicaciones avanzadas con funciones adaptivas y optimizadas, lo cual permite a las empresas hacer mayor uso de la automatizaci\u00f3n como soluci\u00f3n a los problemas de las redes cada vez m\u00e1s complejas. <\/p>\n<\/div>\n\n\n\n<div class=\"wp-block-column is-layout-flow wp-block-column-is-layout-flow\">\n<div class=\"wp-block-image\"><figure class=\"alignright size-large\"><img loading=\"lazy\" decoding=\"async\" width=\"600\" height=\"522\" src=\"https:\/\/tierra-ayni.com\/wp-content\/uploads\/2020\/12\/Distribution-Optimization-ADMS.png\" alt=\"\" class=\"wp-image-2014\" srcset=\"https:\/\/tierra-ayni.com\/wp-content\/uploads\/2020\/12\/Distribution-Optimization-ADMS.png 600w, https:\/\/tierra-ayni.com\/wp-content\/uploads\/2020\/12\/Distribution-Optimization-ADMS-300x261.png 300w\" sizes=\"auto, (max-width: 600px) 100vw, 600px\" \/><\/figure><\/div>\n<\/div>\n<\/div>\n\n\n\n<div class=\"wp-block-columns is-layout-flex wp-container-core-columns-is-layout-2 wp-block-columns-is-layout-flex\">\n<div class=\"wp-block-column is-layout-flow wp-block-column-is-layout-flow\">\n<div class=\"wp-block-image\"><figure class=\"alignleft size-large\"><img loading=\"lazy\" decoding=\"async\" width=\"600\" height=\"351\" src=\"https:\/\/tierra-ayni.com\/wp-content\/uploads\/2020\/12\/storm-assist-software-.png\" alt=\"\" class=\"wp-image-2015\" srcset=\"https:\/\/tierra-ayni.com\/wp-content\/uploads\/2020\/12\/storm-assist-software-.png 600w, https:\/\/tierra-ayni.com\/wp-content\/uploads\/2020\/12\/storm-assist-software--300x176.png 300w\" sizes=\"auto, (max-width: 600px) 100vw, 600px\" \/><\/figure><\/div>\n<\/div>\n\n\n\n<div class=\"wp-block-column is-layout-flow wp-block-column-is-layout-flow\">\n<h3 class=\"wp-block-heading\">Outage Response<\/h3>\n\n\n\n<p>Las funcionalidades de OMS tradicionales ahora se extienden con aplicaciones m\u00f3viles de operaci\u00f3n y de evaluaci\u00f3n de da\u00f1os. Los datos de operaci\u00f3n se someten a procesos de an\u00e1lisis predictivos para reducir y minimizar las interrupciones de servicio.<\/p>\n<\/div>\n<\/div>\n\n\n\n<div class=\"wp-block-columns is-layout-flex wp-container-core-columns-is-layout-3 wp-block-columns-is-layout-flex\">\n<div class=\"wp-block-column is-layout-flow wp-block-column-is-layout-flow\">\n<h4 class=\"wp-block-heading\">Renewables &amp; DER Orchestration<\/h4>\n\n\n\n<p>\u00a1Convirtiendo los desaf\u00edos de administraci\u00f3n de las fuentes distribuidas de energ\u00eda en oportunidades! <\/p>\n\n\n\n<p>Un ADMS capaz de administrar DER en la actualidad es fundamental para la operaci\u00f3n segura de las redes. La orquestaci\u00f3n de DER permite incluir fuentes de energ\u00eda renovables en forma flexible y aprovechar las redes de manera optimizada.<\/p>\n<\/div>\n\n\n\n<div class=\"wp-block-column is-layout-flow wp-block-column-is-layout-flow\">\n<figure class=\"wp-block-image size-large\"><img loading=\"lazy\" decoding=\"async\" width=\"600\" height=\"522\" src=\"https:\/\/tierra-ayni.com\/wp-content\/uploads\/2020\/12\/DER-orchestration.png\" alt=\"\" class=\"wp-image-2016\" srcset=\"https:\/\/tierra-ayni.com\/wp-content\/uploads\/2020\/12\/DER-orchestration.png 600w, https:\/\/tierra-ayni.com\/wp-content\/uploads\/2020\/12\/DER-orchestration-300x261.png 300w\" sizes=\"auto, (max-width: 600px) 100vw, 600px\" \/><\/figure>\n\n\n\n<div class=\"wp-block-buttons is-layout-flex wp-block-buttons-is-layout-flex\"><\/div>\n<\/div>\n<\/div>\n\n\n\n<div class=\"wp-block-buttons aligncenter is-layout-flex wp-block-buttons-is-layout-flex\">\n<div class=\"wp-block-button is-style-fill\"><a class=\"wp-block-button__link has-white-color has-vivid-cyan-blue-background-color has-text-color has-background\" href=\"https:\/\/www.ge.com\/digital\/applications\/advanced-distribution-management-solutions-adms\" style=\"border-radius:30px\" target=\"_blank\" rel=\"noopener noreferrer\">Vea videos y revise m\u00e1s detalles sobre el ADMS en el sitio de GE Digital Grid&#8230;<\/a><\/div>\n<\/div>\n\n\n\n<p class=\"has-text-align-right\"><em><span class=\"has-inline-color has-cyan-bluish-gray-color\"><sub>Algunas im\u00e1genes utilizadas en esta p\u00e1gina son de autor\u00eda de GE Digital Grid.<\/sub><\/span><\/em><\/p>\n\n\n\n<figure class=\"wp-block-pullquote\"><blockquote><p>No dude en contactarnos para coordinar un demostraci\u00f3n con los expertos de GE Digital Grid. Estaremos disponibles para atender a sus requerimientos.<\/p><\/blockquote><\/figure>\n\n\n\n<h4 class=\"wp-block-heading\">Temas Relacionados<\/h4>\n\n\n\n<div class=\"wp-block-columns is-layout-flex wp-container-core-columns-is-layout-4 wp-block-columns-is-layout-flex\">\n<div class=\"wp-block-column is-layout-flow wp-block-column-is-layout-flow\">\n<div class=\"wp-block-image\"><figure class=\"aligncenter size-large\"><a href=\"https:\/\/tierra-ayni.com\/?page_id=1939\"><img loading=\"lazy\" decoding=\"async\" width=\"320\" height=\"200\" src=\"http:\/\/www.tierra-ayni.com\/wp-content\/uploads\/2020\/12\/column_header_mes-2.png\" alt=\"\" class=\"wp-image-2200\" srcset=\"https:\/\/tierra-ayni.com\/wp-content\/uploads\/2020\/12\/column_header_mes-2.png 320w, https:\/\/tierra-ayni.com\/wp-content\/uploads\/2020\/12\/column_header_mes-2-300x188.png 300w\" sizes=\"auto, (max-width: 320px) 100vw, 320px\" \/><\/a><\/figure><\/div>\n<\/div>\n\n\n\n<div class=\"wp-block-column is-layout-flow wp-block-column-is-layout-flow\">\n<div class=\"wp-block-image\"><figure class=\"aligncenter size-large\"><a href=\"https:\/\/tierra-ayni.com\/?p=1698\"><img loading=\"lazy\" decoding=\"async\" width=\"320\" height=\"200\" src=\"https:\/\/tierra-ayni.com\/wp-content\/uploads\/2020\/12\/column_header_eo.png\" alt=\"\" class=\"wp-image-2400\" srcset=\"https:\/\/tierra-ayni.com\/wp-content\/uploads\/2020\/12\/column_header_eo.png 320w, https:\/\/tierra-ayni.com\/wp-content\/uploads\/2020\/12\/column_header_eo-300x188.png 300w\" sizes=\"auto, (max-width: 320px) 100vw, 320px\" \/><\/a><\/figure><\/div>\n<\/div>\n\n\n\n<div class=\"wp-block-column is-layout-flow wp-block-column-is-layout-flow\">\n<div class=\"wp-block-image\"><figure class=\"aligncenter size-large\"><a href=\"https:\/\/tierra-ayni.com\/?p=2354\"><img loading=\"lazy\" decoding=\"async\" width=\"320\" height=\"200\" src=\"http:\/\/www.tierra-ayni.com\/wp-content\/uploads\/2020\/12\/column_header_vnr.png\" alt=\"\" class=\"wp-image-2348\" srcset=\"https:\/\/tierra-ayni.com\/wp-content\/uploads\/2020\/12\/column_header_vnr.png 320w, https:\/\/tierra-ayni.com\/wp-content\/uploads\/2020\/12\/column_header_vnr-300x188.png 300w\" sizes=\"auto, (max-width: 320px) 100vw, 320px\" \/><\/a><\/figure><\/div>\n<\/div>\n<\/div>\n","protected":false},"excerpt":{"rendered":"<p>El Futuro de la Red El\u00e9ctrica La administraci\u00f3n de las redes el\u00e9ctricas cada d\u00eda se vuelve m\u00e1s compleja, ya que las redes de distribuci\u00f3n son progresivamente din\u00e1micas, automatizadas e incluyen &#8230;<\/p>\n","protected":false},"author":3,"featured_media":0,"parent":0,"menu_order":0,"comment_status":"closed","ping_status":"closed","template":"template-fullwidth.php","meta":{"footnotes":""},"class_list":["post-2005","page","type-page","status-publish","hentry"],"_links":{"self":[{"href":"https:\/\/tierra-ayni.com\/index.php?rest_route=\/wp\/v2\/pages\/2005","targetHints":{"allow":["GET"]}}],"collection":[{"href":"https:\/\/tierra-ayni.com\/index.php?rest_route=\/wp\/v2\/pages"}],"about":[{"href":"https:\/\/tierra-ayni.com\/index.php?rest_route=\/wp\/v2\/types\/page"}],"author":[{"embeddable":true,"href":"https:\/\/tierra-ayni.com\/index.php?rest_route=\/wp\/v2\/users\/3"}],"replies":[{"embeddable":true,"href":"https:\/\/tierra-ayni.com\/index.php?rest_route=%2Fwp%2Fv2%2Fcomments&post=2005"}],"version-history":[{"count":13,"href":"https:\/\/tierra-ayni.com\/index.php?rest_route=\/wp\/v2\/pages\/2005\/revisions"}],"predecessor-version":[{"id":2401,"href":"https:\/\/tierra-ayni.com\/index.php?rest_route=\/wp\/v2\/pages\/2005\/revisions\/2401"}],"wp:attachment":[{"href":"https:\/\/tierra-ayni.com\/index.php?rest_route=%2Fwp%2Fv2%2Fmedia&parent=2005"}],"curies":[{"name":"wp","href":"https:\/\/api.w.org\/{rel}","templated":true}]}}