{"id":2018,"date":"2020-12-01T11:36:41","date_gmt":"2020-12-01T15:36:41","guid":{"rendered":"http:\/\/wp.tierra-ayni.com\/?page_id=2018"},"modified":"2020-12-16T12:25:39","modified_gmt":"2020-12-16T16:25:39","slug":"ge-smallworld-network-invetory","status":"publish","type":"page","link":"https:\/\/tierra-ayni.com\/?page_id=2018","title":{"rendered":"GE Smallworld Network Inventory"},"content":{"rendered":"\n<figure class=\"wp-block-image alignwide size-large\"><img loading=\"lazy\" decoding=\"async\" width=\"1024\" height=\"410\" src=\"https:\/\/tierra-ayni.com\/wp-content\/uploads\/2020\/12\/page_header_sni-1024x410.png\" alt=\"\" class=\"wp-image-2166\" srcset=\"https:\/\/tierra-ayni.com\/wp-content\/uploads\/2020\/12\/page_header_sni-1024x410.png 1024w, https:\/\/tierra-ayni.com\/wp-content\/uploads\/2020\/12\/page_header_sni-300x120.png 300w, https:\/\/tierra-ayni.com\/wp-content\/uploads\/2020\/12\/page_header_sni-768x307.png 768w, https:\/\/tierra-ayni.com\/wp-content\/uploads\/2020\/12\/page_header_sni-1536x614.png 1536w, https:\/\/tierra-ayni.com\/wp-content\/uploads\/2020\/12\/page_header_sni.png 1600w\" sizes=\"auto, (max-width: 1024px) 100vw, 1024px\" \/><\/figure>\n\n\n\n<div style=\"height:30px\" aria-hidden=\"true\" class=\"wp-block-spacer\"><\/div>\n\n\n\n<p>Para enfrentar los desaf\u00edos crecientes y cambiantes en la operaci\u00f3n de redes de telecomunicaciones se requiere soluciones integradas de planificaci\u00f3n, dise\u00f1o, construcci\u00f3n y operaci\u00f3n que soportan el ciclo de vida de los activos de la red.<\/p>\n\n\n\n<p>Es necesario desplegar redes que permiten entregar servicios de la mayor calidad y mantener los costos operacionales bajos para lograr la satisfacci\u00f3n de los clientes.<\/p>\n\n\n\n<p>Bases de datos ad-hoc, planillas de c\u00e1lculo o GIS simples ya no son suficientes para soportar los despliegues modernos de redes de fibra \u00f3ptica y los procesos de misi\u00f3n cr\u00edtica asociados.<\/p>\n\n\n\n<div style=\"height:44px\" aria-hidden=\"true\" class=\"wp-block-spacer\"><\/div>\n\n\n\n<div class=\"wp-block-columns is-layout-flex wp-container-core-columns-is-layout-1 wp-block-columns-is-layout-flex\">\n<div class=\"wp-block-column is-layout-flow wp-block-column-is-layout-flow\">\n<h3 class=\"wp-block-heading\">Smallworld Network Inventory<\/h3>\n\n\n\n<p>Un inventario integrado de los recursos f\u00edsicos de Planta Externa e Interna georreferenciados es el mejor fundamento para procesos de negocio fluidos y automatizados. No contar con esta base resultar\u00e1 en mucho trabajo manual, procesos interrumpidos y operaciones costosas.<\/p>\n\n\n\n<p>GE Smallworld Physical Network Inventory provee funcionalidades para administrar redes de diferentes tecnolog\u00edas desde Cobre hasta 5G y gestionar los estados de dise\u00f1o, construcci\u00f3n, en servicio y abandono de los elementos de red, reflejando adem\u00e1s la ocupaci\u00f3n de los recursos f\u00edsicos y habilitando la organizaci\u00f3n para una adecuada gesti\u00f3n de capacidades.<\/p>\n<\/div>\n\n\n\n<div class=\"wp-block-column is-layout-flow wp-block-column-is-layout-flow\">\n<div class=\"wp-block-image\"><figure class=\"alignright size-large\"><img loading=\"lazy\" decoding=\"async\" width=\"600\" height=\"522\" src=\"https:\/\/tierra-ayni.com\/wp-content\/uploads\/2020\/12\/smallworld-network-inventory.png\" alt=\"\" class=\"wp-image-2030\" srcset=\"https:\/\/tierra-ayni.com\/wp-content\/uploads\/2020\/12\/smallworld-network-inventory.png 600w, https:\/\/tierra-ayni.com\/wp-content\/uploads\/2020\/12\/smallworld-network-inventory-300x261.png 300w\" sizes=\"auto, (max-width: 600px) 100vw, 600px\" \/><\/figure><\/div>\n<\/div>\n<\/div>\n\n\n\n<h3 class=\"wp-block-heading\">Beneficios que GE Smallworld Network Inventory entrega a lo largo del ciclo de vida de planificaci\u00f3n, dise\u00f1o, construcci\u00f3n y operaci\u00f3n de las redes<\/h3>\n\n\n\n<div class=\"wp-block-columns is-layout-flex wp-container-core-columns-is-layout-4 wp-block-columns-is-layout-flex\">\n<div class=\"wp-block-column is-layout-flow wp-block-column-is-layout-flow\">\n<div class=\"wp-block-columns is-layout-flex wp-container-core-columns-is-layout-2 wp-block-columns-is-layout-flex\">\n<div class=\"wp-block-column is-layout-flow wp-block-column-is-layout-flow\">\n<div class=\"wp-block-image\"><figure class=\"aligncenter size-large\"><img loading=\"lazy\" decoding=\"async\" width=\"150\" height=\"150\" src=\"https:\/\/tierra-ayni.com\/wp-content\/uploads\/2020\/12\/icon_reduction.png\" alt=\"\" class=\"wp-image-2171\"\/><\/figure><\/div>\n\n\n\n<h4 class=\"wp-block-heading\">5% de reducci\u00f3n de costos CAPEX en el despliegue de nuevas redes<\/h4>\n\n\n\n<p>A trav\u00e9s de aplicaciones inteligentes para optimizar el dise\u00f1o del despliegue de redes se minimiza costos de construcci\u00f3n, reduciendo CAPEX. <\/p>\n<\/div>\n\n\n\n<div class=\"wp-block-column is-layout-flow wp-block-column-is-layout-flow\">\n<div class=\"wp-block-image\"><figure class=\"aligncenter size-large\"><img loading=\"lazy\" decoding=\"async\" width=\"150\" height=\"150\" src=\"https:\/\/tierra-ayni.com\/wp-content\/uploads\/2020\/12\/icon_process.png\" alt=\"\" class=\"wp-image-2172\"\/><\/figure><\/div>\n\n\n\n<h4 class=\"wp-block-heading\">80% de reducci\u00f3n en el tiempo de dise\u00f1o<\/h4>\n\n\n\n<p>Procesos automatizados de dise\u00f1os de redes permiten entregar las soluciones de despliegue en menos tiempo y\/o menos personal.<\/p>\n<\/div>\n<\/div>\n<\/div>\n\n\n\n<div class=\"wp-block-column is-layout-flow wp-block-column-is-layout-flow\">\n<div class=\"wp-block-columns is-layout-flex wp-container-core-columns-is-layout-3 wp-block-columns-is-layout-flex\">\n<div class=\"wp-block-column is-layout-flow wp-block-column-is-layout-flow\">\n<div class=\"wp-block-image\"><figure class=\"aligncenter size-large\"><img loading=\"lazy\" decoding=\"async\" width=\"150\" height=\"150\" src=\"https:\/\/tierra-ayni.com\/wp-content\/uploads\/2020\/12\/icon_field_crew.png\" alt=\"\" class=\"wp-image-2173\"\/><\/figure><\/div>\n\n\n\n<h4 class=\"wp-block-heading\">15% de aumento en la productividad de trabajos en terreno<\/h4>\n\n\n\n<p>El empleo de aplicaciones m\u00f3viles basadas en el inventario georreferenciado entrega acceso en l\u00ednea a la informaci\u00f3n necesaria cuando y donde sea necesario.<\/p>\n<\/div>\n\n\n\n<div class=\"wp-block-column is-layout-flow wp-block-column-is-layout-flow\">\n<div class=\"wp-block-image\"><figure class=\"aligncenter size-large\"><img loading=\"lazy\" decoding=\"async\" width=\"150\" height=\"150\" src=\"https:\/\/tierra-ayni.com\/wp-content\/uploads\/2020\/12\/icon_time_cost_saving.png\" alt=\"\" class=\"wp-image-2174\"\/><\/figure><\/div>\n\n\n\n<h4 class=\"wp-block-heading\">30% de reducci\u00f3n del tiempo de interrupciones de servicio<\/h4>\n\n\n\n<p>A trav\u00e9s del uso de los datos  georreferenciados se logra entregar informaci\u00f3n confiable y en tiempo real sobre los activos de la red, lo cual permite encontrar y resolver fallas de red en forma r\u00e1pida. <\/p>\n<\/div>\n<\/div>\n<\/div>\n<\/div>\n\n\n\n<h3 class=\"wp-block-heading\">El portafolio de productos de GE Smallworld Network Inventory incluye aplicaciones que cubren todo el ciclo de vida de los elementos de red<\/h3>\n\n\n\n<div style=\"height:39px\" aria-hidden=\"true\" class=\"wp-block-spacer\"><\/div>\n\n\n\n<figure class=\"wp-block-image alignwide size-large\"><img loading=\"lazy\" decoding=\"async\" width=\"1024\" height=\"449\" src=\"https:\/\/tierra-ayni.com\/wp-content\/uploads\/2020\/12\/sni_portfolio-1024x449.png\" alt=\"\" class=\"wp-image-2180\" srcset=\"https:\/\/tierra-ayni.com\/wp-content\/uploads\/2020\/12\/sni_portfolio-1024x449.png 1024w, https:\/\/tierra-ayni.com\/wp-content\/uploads\/2020\/12\/sni_portfolio-300x131.png 300w, https:\/\/tierra-ayni.com\/wp-content\/uploads\/2020\/12\/sni_portfolio-768x336.png 768w, https:\/\/tierra-ayni.com\/wp-content\/uploads\/2020\/12\/sni_portfolio-1536x673.png 1536w, https:\/\/tierra-ayni.com\/wp-content\/uploads\/2020\/12\/sni_portfolio.png 1931w\" sizes=\"auto, (max-width: 1024px) 100vw, 1024px\" \/><\/figure>\n\n\n\n<figure class=\"wp-block-pullquote is-style-default\"><blockquote><p>Perm\u00edtanos ayudarle con el inventario f\u00edsico y l\u00f3gico de sus redes&#8230;<\/p><\/blockquote><\/figure>\n\n\n\n<div class=\"wp-block-buttons aligncenter is-layout-flex wp-block-buttons-is-layout-flex\">\n<div class=\"wp-block-button is-style-fill\"><a class=\"wp-block-button__link has-white-color has-vivid-cyan-blue-background-color has-text-color has-background\" href=\"https:\/\/tierra-ayni.com\/#contact\" style=\"border-radius:30px\" rel=\"\">Cont\u00e1ctenos para conversar y coordinar una presentaci\u00f3n de nuestras soluciones&#8230;<\/a><\/div>\n<\/div>\n\n\n\n<div style=\"height:43px\" aria-hidden=\"true\" class=\"wp-block-spacer\"><\/div>\n\n\n\n<h3 class=\"wp-block-heading\">Integrado de f\u00e1brica con&#8230;<\/h3>\n\n\n\n<div style=\"height:41px\" aria-hidden=\"true\" class=\"wp-block-spacer\"><\/div>\n\n\n\n<div class=\"wp-block-columns is-layout-flex wp-container-core-columns-is-layout-5 wp-block-columns-is-layout-flex\">\n<div class=\"wp-block-column is-layout-flow wp-block-column-is-layout-flow\">\n<div class=\"wp-block-image\"><figure class=\"aligncenter size-large\"><a href=\"https:\/\/tierra-ayni.com\/?page_id=1939\"><img loading=\"lazy\" decoding=\"async\" width=\"320\" height=\"200\" src=\"https:\/\/tierra-ayni.com\/wp-content\/uploads\/2020\/12\/column_header_mes-2.png\" alt=\"\" class=\"wp-image-2200\" srcset=\"https:\/\/tierra-ayni.com\/wp-content\/uploads\/2020\/12\/column_header_mes-2.png 320w, https:\/\/tierra-ayni.com\/wp-content\/uploads\/2020\/12\/column_header_mes-2-300x188.png 300w\" sizes=\"auto, (max-width: 320px) 100vw, 320px\" \/><\/a><\/figure><\/div>\n<\/div>\n\n\n\n<div class=\"wp-block-column is-layout-flow wp-block-column-is-layout-flow\">\n<figure class=\"wp-block-image size-large is-style-default\"><a href=\"https:\/\/tierra-ayni.com\/?p=1720\"><img loading=\"lazy\" decoding=\"async\" width=\"320\" height=\"200\" src=\"https:\/\/tierra-ayni.com\/wp-content\/uploads\/2020\/12\/column_header_gsa.png\" alt=\"\" class=\"wp-image-2198\" srcset=\"https:\/\/tierra-ayni.com\/wp-content\/uploads\/2020\/12\/column_header_gsa.png 320w, https:\/\/tierra-ayni.com\/wp-content\/uploads\/2020\/12\/column_header_gsa-300x188.png 300w\" sizes=\"auto, (max-width: 320px) 100vw, 320px\" \/><\/a><\/figure>\n<\/div>\n\n\n\n<div class=\"wp-block-column is-layout-flow wp-block-column-is-layout-flow\">\n<div class=\"wp-block-image\"><figure class=\"aligncenter size-large\"><a href=\"https:\/\/tierra-ayni.com\/?p=1691\"><img loading=\"lazy\" decoding=\"async\" width=\"320\" height=\"200\" src=\"https:\/\/tierra-ayni.com\/wp-content\/uploads\/2020\/12\/column_header_comsof.png\" alt=\"\" class=\"wp-image-2202\" srcset=\"https:\/\/tierra-ayni.com\/wp-content\/uploads\/2020\/12\/column_header_comsof.png 320w, https:\/\/tierra-ayni.com\/wp-content\/uploads\/2020\/12\/column_header_comsof-300x188.png 300w\" sizes=\"auto, (max-width: 320px) 100vw, 320px\" \/><\/a><\/figure><\/div>\n<\/div>\n<\/div>\n","protected":false},"excerpt":{"rendered":"<p>Para enfrentar los desaf\u00edos crecientes y cambiantes en la operaci\u00f3n de redes de telecomunicaciones se requiere soluciones integradas de planificaci\u00f3n, dise\u00f1o, construcci\u00f3n y operaci\u00f3n que soportan el ciclo de vida &#8230;<\/p>\n","protected":false},"author":3,"featured_media":0,"parent":0,"menu_order":0,"comment_status":"closed","ping_status":"closed","template":"template-fullwidth.php","meta":{"footnotes":""},"class_list":["post-2018","page","type-page","status-publish","hentry"],"_links":{"self":[{"href":"https:\/\/tierra-ayni.com\/index.php?rest_route=\/wp\/v2\/pages\/2018","targetHints":{"allow":["GET"]}}],"collection":[{"href":"https:\/\/tierra-ayni.com\/index.php?rest_route=\/wp\/v2\/pages"}],"about":[{"href":"https:\/\/tierra-ayni.com\/index.php?rest_route=\/wp\/v2\/types\/page"}],"author":[{"embeddable":true,"href":"https:\/\/tierra-ayni.com\/index.php?rest_route=\/wp\/v2\/users\/3"}],"replies":[{"embeddable":true,"href":"https:\/\/tierra-ayni.com\/index.php?rest_route=%2Fwp%2Fv2%2Fcomments&post=2018"}],"version-history":[{"count":40,"href":"https:\/\/tierra-ayni.com\/index.php?rest_route=\/wp\/v2\/pages\/2018\/revisions"}],"predecessor-version":[{"id":2331,"href":"https:\/\/tierra-ayni.com\/index.php?rest_route=\/wp\/v2\/pages\/2018\/revisions\/2331"}],"wp:attachment":[{"href":"https:\/\/tierra-ayni.com\/index.php?rest_route=%2Fwp%2Fv2%2Fmedia&parent=2018"}],"curies":[{"name":"wp","href":"https:\/\/api.w.org\/{rel}","templated":true}]}}