{"id":2092,"date":"2020-12-03T11:49:25","date_gmt":"2020-12-03T15:49:25","guid":{"rendered":"http:\/\/wp.tierra-ayni.com\/?page_id=2092"},"modified":"2020-12-04T12:04:39","modified_gmt":"2020-12-04T16:04:39","slug":"electric-office","status":"publish","type":"page","link":"https:\/\/tierra-ayni.com\/?page_id=2092","title":{"rendered":"Electric Office"},"content":{"rendered":"\n<figure class=\"wp-block-image alignwide size-large\"><img loading=\"lazy\" decoding=\"async\" width=\"1024\" height=\"410\" src=\"https:\/\/tierra-ayni.com\/wp-content\/uploads\/2020\/12\/page_header_eo-1024x410.png\" alt=\"\" class=\"wp-image-2247\" srcset=\"https:\/\/tierra-ayni.com\/wp-content\/uploads\/2020\/12\/page_header_eo-1024x410.png 1024w, https:\/\/tierra-ayni.com\/wp-content\/uploads\/2020\/12\/page_header_eo-300x120.png 300w, https:\/\/tierra-ayni.com\/wp-content\/uploads\/2020\/12\/page_header_eo-768x307.png 768w, https:\/\/tierra-ayni.com\/wp-content\/uploads\/2020\/12\/page_header_eo-1536x614.png 1536w, https:\/\/tierra-ayni.com\/wp-content\/uploads\/2020\/12\/page_header_eo.png 1600w\" sizes=\"auto, (max-width: 1024px) 100vw, 1024px\" \/><\/figure>\n\n\n\n<div style=\"height:37px\" aria-hidden=\"true\" class=\"wp-block-spacer\"><\/div>\n\n\n\n<div class=\"wp-block-columns is-layout-flex wp-container-core-columns-is-layout-1 wp-block-columns-is-layout-flex\">\n<div class=\"wp-block-column is-layout-flow wp-block-column-is-layout-flow\">\n<h4 class=\"wp-block-heading\">Los Desaf\u00edos Actuales<\/h4>\n\n\n\n<p>Las empresas de distribuci\u00f3n de energ\u00eda el\u00e9ctrica se enfrentan a la modernizaci\u00f3n de la red integrando cada vez m\u00e1s equipos automatizados y de medici\u00f3n a las redes.<\/p>\n\n\n\n<p>Nuevas tecnolog\u00edas como fuentes de energ\u00edas distribuidas (DER), medidores inteligentes (AMI), celdas de almacenaje y automatizaci\u00f3n de distribuci\u00f3n (DA) deben ser administradas en forma eficiente y generan cantidades enormes de datos.<\/p>\n\n\n\n<p>Tambi\u00e9n aumentan los requerimientos regulatorios en cuanto a calidad de servicio y calidad de producto.<\/p>\n\n\n\n<p>A menudo la informaci\u00f3n digital de la red genera silos de datos obstruyendo la visi\u00f3n hol\u00edstica de la red, resultando en demoras de atenci\u00f3n de incidencias y ineficiencias generales en la red.<\/p>\n<\/div>\n\n\n\n<div class=\"wp-block-column is-layout-flow wp-block-column-is-layout-flow\">\n<h4 class=\"wp-block-heading\">La Soluci\u00f3n<\/h4>\n\n\n\n<p>Con Electric Office y sus aplicaciones las empresas aumentan el acceso corporativo a informaci\u00f3n de la red actualizada y confiable, tanto en oficina como en terreno. El acceso a la informaci\u00f3n es a cualquier tiempo, en l\u00ednea o fuera de l\u00ednea.<\/p>\n\n\n\n<p>A trav\u00e9s de la integraci\u00f3n con Design Manager y Mobile Enterprise se elimina excesos de esfuerzo y tiempo de trabajo, simplificando y automatizando los procesos de gesti\u00f3n y operaci\u00f3n de los activos de la red.<\/p>\n\n\n\n<p>Los pr\u00e1cticas de gobernanza de datos colaborativa implementadas en Electric Office ayudan a aumentar la calidad, exactitud y el valor de los datos transform\u00e1ndolos en informaci\u00f3n para la toma de decisiones.<\/p>\n<\/div>\n<\/div>\n\n\n\n<div class=\"wp-block-columns is-layout-flex wp-container-core-columns-is-layout-2 wp-block-columns-is-layout-flex\">\n<div class=\"wp-block-column is-layout-flow wp-block-column-is-layout-flow\">\n<div class=\"wp-block-image\"><figure class=\"aligncenter size-large\"><img loading=\"lazy\" decoding=\"async\" width=\"150\" height=\"150\" src=\"http:\/\/www.tierra-ayni.com\/wp-content\/uploads\/2020\/12\/icon_reduction.png\" alt=\"\" class=\"wp-image-2171\"\/><\/figure><\/div>\n\n\n\n<p class=\"has-text-align-center\">Hasta 20% de reducci\u00f3n en el tiempo de factibilidad, dise\u00f1o y representaci\u00f3n &#8216;as-built&#8217;<\/p>\n<\/div>\n\n\n\n<div class=\"wp-block-column is-layout-flow wp-block-column-is-layout-flow\">\n<div class=\"wp-block-image\"><figure class=\"aligncenter size-large\"><img loading=\"lazy\" decoding=\"async\" width=\"150\" height=\"150\" src=\"https:\/\/tierra-ayni.com\/wp-content\/uploads\/2020\/12\/icon_enhancement.png\" alt=\"\" class=\"wp-image-2249\"\/><\/figure><\/div>\n\n\n\n<p class=\"has-text-align-center\">15% de aumento de la productividad en dise\u00f1os<\/p>\n<\/div>\n\n\n\n<div class=\"wp-block-column is-layout-flow wp-block-column-is-layout-flow\">\n<div class=\"wp-block-image\"><figure class=\"aligncenter size-large\"><img loading=\"lazy\" decoding=\"async\" width=\"150\" height=\"150\" src=\"http:\/\/www.tierra-ayni.com\/wp-content\/uploads\/2020\/12\/icon_enhancement.png\" alt=\"\" class=\"wp-image-2249\"\/><\/figure><\/div>\n\n\n\n<p class=\"has-text-align-center\">15% de aumento en la productividad de inspecciones y mantenimiento<\/p>\n<\/div>\n<\/div>\n\n\n\n<h3 class=\"wp-block-heading\">Algunas Funcionalidades Destacadas<\/h3>\n\n\n\n<div class=\"wp-block-image\"><figure class=\"aligncenter size-large\"><img loading=\"lazy\" decoding=\"async\" width=\"1024\" height=\"577\" src=\"https:\/\/tierra-ayni.com\/wp-content\/uploads\/2020\/12\/eo_screen1-1024x577.jpg\" alt=\"\" class=\"wp-image-2107\" srcset=\"https:\/\/tierra-ayni.com\/wp-content\/uploads\/2020\/12\/eo_screen1-1024x577.jpg 1024w, https:\/\/tierra-ayni.com\/wp-content\/uploads\/2020\/12\/eo_screen1-300x169.jpg 300w, https:\/\/tierra-ayni.com\/wp-content\/uploads\/2020\/12\/eo_screen1-768x433.jpg 768w, https:\/\/tierra-ayni.com\/wp-content\/uploads\/2020\/12\/eo_screen1.jpg 1092w\" sizes=\"auto, (max-width: 1024px) 100vw, 1024px\" \/><\/figure><\/div>\n\n\n\n<div style=\"height:36px\" aria-hidden=\"true\" class=\"wp-block-spacer\"><\/div>\n\n\n\n<div class=\"wp-block-columns is-layout-flex wp-container-core-columns-is-layout-3 wp-block-columns-is-layout-flex\">\n<div class=\"wp-block-column is-layout-flow wp-block-column-is-layout-flow\">\n<h4 class=\"wp-block-heading\">Visualizaci\u00f3n de Circuitos<\/h4>\n\n\n\n<p>Permite visualizar una representaci\u00f3n esquem\u00e1tica unifilar de un circuito el\u00e9ctrico en relaci\u00f3n a un objeto espec\u00edfico de la red.  Para redes trif\u00e1sicas se muestran esquem\u00e1ticos separados para cada fase.<\/p>\n<\/div>\n\n\n\n<div class=\"wp-block-column is-layout-flow wp-block-column-is-layout-flow\">\n<div class=\"wp-block-image\"><figure class=\"alignright size-large\"><img loading=\"lazy\" decoding=\"async\" width=\"526\" height=\"399\" src=\"https:\/\/tierra-ayni.com\/wp-content\/uploads\/2020\/12\/eo_screen2.png\" alt=\"\" class=\"wp-image-2101\" srcset=\"https:\/\/tierra-ayni.com\/wp-content\/uploads\/2020\/12\/eo_screen2.png 526w, https:\/\/tierra-ayni.com\/wp-content\/uploads\/2020\/12\/eo_screen2-300x228.png 300w\" sizes=\"auto, (max-width: 526px) 100vw, 526px\" \/><\/figure><\/div>\n<\/div>\n<\/div>\n\n\n\n<div class=\"wp-block-columns is-layout-flex wp-container-core-columns-is-layout-4 wp-block-columns-is-layout-flex\">\n<div class=\"wp-block-column is-layout-flow wp-block-column-is-layout-flow\">\n<div class=\"wp-block-image\"><figure class=\"alignleft size-large\"><img loading=\"lazy\" decoding=\"async\" width=\"860\" height=\"827\" src=\"https:\/\/tierra-ayni.com\/wp-content\/uploads\/2020\/12\/eo_screen3.png\" alt=\"\" class=\"wp-image-2104\" srcset=\"https:\/\/tierra-ayni.com\/wp-content\/uploads\/2020\/12\/eo_screen3.png 860w, https:\/\/tierra-ayni.com\/wp-content\/uploads\/2020\/12\/eo_screen3-300x288.png 300w, https:\/\/tierra-ayni.com\/wp-content\/uploads\/2020\/12\/eo_screen3-768x739.png 768w\" sizes=\"auto, (max-width: 860px) 100vw, 860px\" \/><\/figure><\/div>\n<\/div>\n\n\n\n<div class=\"wp-block-column is-layout-flow wp-block-column-is-layout-flow\">\n<h4 class=\"wp-block-heading\">Visualizador de Activos<\/h4>\n\n\n\n<p>Permite visualizar la configuraci\u00f3n de activos con relaci\u00f3n a sus instalaciones e infraestructura, incluyendo fases de conexi\u00f3n. Por ejemplo, un segment de cable existente se representa como instalaci\u00f3n en forma georreferenciada y a trav\u00e9s de relaciones del modelo de datos adem\u00e1s se registra y administra tres conductores individuales para representar cada fase contenida en el cable.<\/p>\n<\/div>\n<\/div>\n\n\n\n<div class=\"wp-block-columns is-layout-flex wp-container-core-columns-is-layout-5 wp-block-columns-is-layout-flex\">\n<div class=\"wp-block-column is-layout-flow wp-block-column-is-layout-flow\">\n<h4 class=\"wp-block-heading\">Herramienta de Registro de Tratamiento de L\u00edneas de Distribuci\u00f3n<\/h4>\n\n\n\n<p>Esta herramienta permite registrar actividades de tratamiento y mantenimiento de l\u00edneas de distribuci\u00f3n a los largo de los cables seleccionados en el mapa, por consulta o por circuito.<\/p>\n<\/div>\n\n\n\n<div class=\"wp-block-column is-layout-flow wp-block-column-is-layout-flow\">\n<div class=\"wp-block-image\"><figure class=\"alignright size-large\"><img loading=\"lazy\" decoding=\"async\" width=\"474\" height=\"454\" src=\"https:\/\/tierra-ayni.com\/wp-content\/uploads\/2020\/12\/eo_screen4.png\" alt=\"\" class=\"wp-image-2106\" srcset=\"https:\/\/tierra-ayni.com\/wp-content\/uploads\/2020\/12\/eo_screen4.png 474w, https:\/\/tierra-ayni.com\/wp-content\/uploads\/2020\/12\/eo_screen4-300x287.png 300w\" sizes=\"auto, (max-width: 474px) 100vw, 474px\" \/><\/figure><\/div>\n<\/div>\n<\/div>\n\n\n\n<div class=\"wp-block-columns is-layout-flex wp-container-core-columns-is-layout-6 wp-block-columns-is-layout-flex\">\n<div class=\"wp-block-column is-layout-flow wp-block-column-is-layout-flow\">\n<div class=\"wp-block-image\"><figure class=\"alignleft size-large\"><img loading=\"lazy\" decoding=\"async\" width=\"394\" height=\"388\" src=\"https:\/\/tierra-ayni.com\/wp-content\/uploads\/2020\/12\/eo_screen5.png\" alt=\"\" class=\"wp-image-2109\" srcset=\"https:\/\/tierra-ayni.com\/wp-content\/uploads\/2020\/12\/eo_screen5.png 394w, https:\/\/tierra-ayni.com\/wp-content\/uploads\/2020\/12\/eo_screen5-300x295.png 300w\" sizes=\"auto, (max-width: 394px) 100vw, 394px\" \/><\/figure><\/div>\n<\/div>\n\n\n\n<div class=\"wp-block-column is-layout-flow wp-block-column-is-layout-flow\">\n<h4 class=\"wp-block-heading\">Trazados de Red<\/h4>\n\n\n\n<p>Los trazados a trav\u00e9s de la topolog\u00eda de red se utilizan para garantizar que las redes est\u00e1n correctamente conectadas. Electric Office permite realizar trazados por fase, validar circuitos, validar conexiones topol\u00f3gicas, trazar la red aguas arriba y aguas abajo desde cualquier dispositivo y extraer los resultados de todos los activios conectados en las rutas trazadas. Criterios de trazado son: direcci\u00f3n, tipo de red (AT, MT, BT, mixto), tipo de montaje (a\u00e9reo, subterr\u00e1neo), voltaje, estado, fases y ID de circuito.<\/p>\n<\/div>\n<\/div>\n\n\n\n<div class=\"wp-block-columns is-layout-flex wp-container-core-columns-is-layout-7 wp-block-columns-is-layout-flex\">\n<div class=\"wp-block-column is-layout-flow wp-block-column-is-layout-flow\">\n<h4 class=\"wp-block-heading\">Visualizaci\u00f3n Tem\u00e1tica de Redes<\/h4>\n\n\n\n<p>En cada momento el usuario puede cambiar la visualizaci\u00f3n tem\u00e1tica de las redes, ya sea por fase, voltaje, circuito y otros criterios configurables.<\/p>\n<\/div>\n\n\n\n<div class=\"wp-block-column is-layout-flow wp-block-column-is-layout-flow\">\n<div class=\"wp-block-image\"><figure class=\"alignright size-large\"><img loading=\"lazy\" decoding=\"async\" width=\"536\" height=\"342\" src=\"https:\/\/tierra-ayni.com\/wp-content\/uploads\/2020\/12\/eo_screen6.png\" alt=\"\" class=\"wp-image-2110\" srcset=\"https:\/\/tierra-ayni.com\/wp-content\/uploads\/2020\/12\/eo_screen6.png 536w, https:\/\/tierra-ayni.com\/wp-content\/uploads\/2020\/12\/eo_screen6-300x191.png 300w\" sizes=\"auto, (max-width: 536px) 100vw, 536px\" \/><\/figure><\/div>\n<\/div>\n<\/div>\n\n\n\n<div class=\"wp-block-columns is-layout-flex wp-container-core-columns-is-layout-8 wp-block-columns-is-layout-flex\">\n<div class=\"wp-block-column is-layout-flow wp-block-column-is-layout-flow\">\n<figure class=\"wp-block-image size-large\"><img loading=\"lazy\" decoding=\"async\" width=\"532\" height=\"336\" src=\"https:\/\/tierra-ayni.com\/wp-content\/uploads\/2020\/12\/eo_screen7.png\" alt=\"\" class=\"wp-image-2111\" srcset=\"https:\/\/tierra-ayni.com\/wp-content\/uploads\/2020\/12\/eo_screen7.png 532w, https:\/\/tierra-ayni.com\/wp-content\/uploads\/2020\/12\/eo_screen7-300x189.png 300w\" sizes=\"auto, (max-width: 532px) 100vw, 532px\" \/><\/figure>\n<\/div>\n\n\n\n<div class=\"wp-block-column is-layout-flow wp-block-column-is-layout-flow\">\n<h4 class=\"wp-block-heading\">Modelamiento de Mundos Internos<\/h4>\n\n\n\n<p>Electric Office permite modelar los detalles de las  subestaciones como mundo internos, manteniendo la conectividad y topolog\u00eda de la red con los elementos del mundo geogr\u00e1fico que representan la red. Electric Office permite administrar los activos de las subestaciones con las mismas herramientas que los activos de las redes de distribuci\u00f3n y transporte de energ\u00eda.<\/p>\n<\/div>\n<\/div>\n\n\n\n<div class=\"wp-block-columns is-layout-flex wp-container-core-columns-is-layout-9 wp-block-columns-is-layout-flex\">\n<div class=\"wp-block-column is-layout-flow wp-block-column-is-layout-flow\">\n<h4 class=\"wp-block-heading\">Modelo de Red Subterr\u00e1nea<\/h4>\n\n\n\n<p>Electric Office permite modelar redes subterr\u00e1neas asociados a sus infraestructuras, es decir se ingresan c\u00e1maras, b\u00f3vedas, canalizaciones, ductos y se permite asociar las instalaciones de los activos a estas infraestructuras.<\/p>\n<\/div>\n\n\n\n<div class=\"wp-block-column is-layout-flow wp-block-column-is-layout-flow\">\n<div class=\"wp-block-image\"><figure class=\"alignright size-large\"><img loading=\"lazy\" decoding=\"async\" width=\"745\" height=\"690\" src=\"https:\/\/tierra-ayni.com\/wp-content\/uploads\/2020\/12\/eo_screen8.png\" alt=\"\" class=\"wp-image-2113\" srcset=\"https:\/\/tierra-ayni.com\/wp-content\/uploads\/2020\/12\/eo_screen8.png 745w, https:\/\/tierra-ayni.com\/wp-content\/uploads\/2020\/12\/eo_screen8-300x278.png 300w\" sizes=\"auto, (max-width: 745px) 100vw, 745px\" \/><\/figure><\/div>\n<\/div>\n<\/div>\n\n\n\n<figure class=\"wp-block-pullquote is-style-default\"><blockquote><p>Perm\u00edtanos ayudarles con el inventario f\u00edsico de sus redes&#8230;<\/p><\/blockquote><\/figure>\n\n\n\n<div class=\"wp-block-buttons aligncenter is-layout-flex wp-block-buttons-is-layout-flex\">\n<div class=\"wp-block-button is-style-fill\"><a class=\"wp-block-button__link has-white-color has-vivid-cyan-blue-background-color has-text-color has-background\" href=\"https:\/\/tierra-ayni.com\/#contact\" style=\"border-radius:30px\" rel=\"\">Cont\u00e1ctenos para conversar y coordinar una presentaci\u00f3n de nuestras soluciones&#8230;<\/a><\/div>\n<\/div>\n\n\n\n<p><\/p>\n","protected":false},"excerpt":{"rendered":"<p>Los Desaf\u00edos Actuales Las empresas de distribuci\u00f3n de energ\u00eda el\u00e9ctrica se enfrentan a la modernizaci\u00f3n de la red integrando cada vez m\u00e1s equipos automatizados y de medici\u00f3n a las redes. &#8230;<\/p>\n","protected":false},"author":3,"featured_media":0,"parent":0,"menu_order":0,"comment_status":"closed","ping_status":"closed","template":"template-fullwidth.php","meta":{"footnotes":""},"class_list":["post-2092","page","type-page","status-publish","hentry"],"_links":{"self":[{"href":"https:\/\/tierra-ayni.com\/index.php?rest_route=\/wp\/v2\/pages\/2092","targetHints":{"allow":["GET"]}}],"collection":[{"href":"https:\/\/tierra-ayni.com\/index.php?rest_route=\/wp\/v2\/pages"}],"about":[{"href":"https:\/\/tierra-ayni.com\/index.php?rest_route=\/wp\/v2\/types\/page"}],"author":[{"embeddable":true,"href":"https:\/\/tierra-ayni.com\/index.php?rest_route=\/wp\/v2\/users\/3"}],"replies":[{"embeddable":true,"href":"https:\/\/tierra-ayni.com\/index.php?rest_route=%2Fwp%2Fv2%2Fcomments&post=2092"}],"version-history":[{"count":14,"href":"https:\/\/tierra-ayni.com\/index.php?rest_route=\/wp\/v2\/pages\/2092\/revisions"}],"predecessor-version":[{"id":2254,"href":"https:\/\/tierra-ayni.com\/index.php?rest_route=\/wp\/v2\/pages\/2092\/revisions\/2254"}],"wp:attachment":[{"href":"https:\/\/tierra-ayni.com\/index.php?rest_route=%2Fwp%2Fv2%2Fmedia&parent=2092"}],"curies":[{"name":"wp","href":"https:\/\/api.w.org\/{rel}","templated":true}]}}