{"id":2116,"date":"2020-12-03T13:56:32","date_gmt":"2020-12-03T17:56:32","guid":{"rendered":"http:\/\/wp.tierra-ayni.com\/?page_id=2116"},"modified":"2020-12-16T11:18:45","modified_gmt":"2020-12-16T15:18:45","slug":"nuestros-servicios","status":"publish","type":"page","link":"https:\/\/tierra-ayni.com\/?page_id=2116","title":{"rendered":"Consultor\u00eda de Procesos de Negocio"},"content":{"rendered":"\n<figure class=\"wp-block-image alignwide size-large\"><img loading=\"lazy\" decoding=\"async\" width=\"1024\" height=\"410\" src=\"https:\/\/tierra-ayni.com\/wp-content\/uploads\/2020\/12\/page_header_consulting-1024x410.png\" alt=\"\" class=\"wp-image-2275\" srcset=\"https:\/\/tierra-ayni.com\/wp-content\/uploads\/2020\/12\/page_header_consulting-1024x410.png 1024w, https:\/\/tierra-ayni.com\/wp-content\/uploads\/2020\/12\/page_header_consulting-300x120.png 300w, https:\/\/tierra-ayni.com\/wp-content\/uploads\/2020\/12\/page_header_consulting-768x307.png 768w, https:\/\/tierra-ayni.com\/wp-content\/uploads\/2020\/12\/page_header_consulting-1536x614.png 1536w, https:\/\/tierra-ayni.com\/wp-content\/uploads\/2020\/12\/page_header_consulting.png 1600w\" sizes=\"auto, (max-width: 1024px) 100vw, 1024px\" \/><\/figure>\n\n\n\n<div style=\"height:36px\" aria-hidden=\"true\" class=\"wp-block-spacer\"><\/div>\n\n\n\n<div class=\"wp-block-columns is-layout-flex wp-container-core-columns-is-layout-1 wp-block-columns-is-layout-flex\">\n<div class=\"wp-block-column is-layout-flow wp-block-column-is-layout-flow\">\n<h4 class=\"has-text-align-center wp-block-heading\">Levantamiento de Procesos<\/h4>\n\n\n\n<p>Levantamiento y documentaci\u00f3n de procesos de negocio existentes en modelo &#8220;As Is&#8221;<\/p>\n<\/div>\n\n\n\n<div class=\"wp-block-column is-layout-flow wp-block-column-is-layout-flow\">\n<h4 class=\"has-text-align-center wp-block-heading\">An\u00e1lisis y Dise\u00f1o de Procesos<\/h4>\n\n\n\n<p>Detecci\u00f3n de brechas y deficiencias, adaptaci\u00f3n de procesos a las nuevas herramientas, documentaci\u00f3n en modelos &#8220;To Be&#8221;<\/p>\n<\/div>\n\n\n\n<div class=\"wp-block-column is-layout-flow wp-block-column-is-layout-flow\">\n<h4 class=\"wp-block-heading\">Mejora Continua de los Procesos<\/h4>\n\n\n\n<p>Definici\u00f3n de indicadores, frecuencias de medici\u00f3n y criterios de evaluaci\u00f3n de procesos para establecer retroalimentaciones que permiten la mejora continua<\/p>\n<\/div>\n<\/div>\n\n\n\n<p><\/p>\n","protected":false},"excerpt":{"rendered":"<p>Apoyamos a nuestros clientes en el dise\u00f1o y la mejora continua de los procesos de negocio relacionados con la gesti\u00f3n georreferenciada de los activos de las redes y el soporte a la operaci\u00f3n.<\/p>\n","protected":false},"author":3,"featured_media":0,"parent":0,"menu_order":0,"comment_status":"closed","ping_status":"closed","template":"template-fullwidth.php","meta":{"footnotes":""},"class_list":["post-2116","page","type-page","status-publish","hentry"],"_links":{"self":[{"href":"https:\/\/tierra-ayni.com\/index.php?rest_route=\/wp\/v2\/pages\/2116","targetHints":{"allow":["GET"]}}],"collection":[{"href":"https:\/\/tierra-ayni.com\/index.php?rest_route=\/wp\/v2\/pages"}],"about":[{"href":"https:\/\/tierra-ayni.com\/index.php?rest_route=\/wp\/v2\/types\/page"}],"author":[{"embeddable":true,"href":"https:\/\/tierra-ayni.com\/index.php?rest_route=\/wp\/v2\/users\/3"}],"replies":[{"embeddable":true,"href":"https:\/\/tierra-ayni.com\/index.php?rest_route=%2Fwp%2Fv2%2Fcomments&post=2116"}],"version-history":[{"count":8,"href":"https:\/\/tierra-ayni.com\/index.php?rest_route=\/wp\/v2\/pages\/2116\/revisions"}],"predecessor-version":[{"id":2319,"href":"https:\/\/tierra-ayni.com\/index.php?rest_route=\/wp\/v2\/pages\/2116\/revisions\/2319"}],"wp:attachment":[{"href":"https:\/\/tierra-ayni.com\/index.php?rest_route=%2Fwp%2Fv2%2Fmedia&parent=2116"}],"curies":[{"name":"wp","href":"https:\/\/api.w.org\/{rel}","templated":true}]}}